{"id":5597,"date":"2024-01-29T13:41:26","date_gmt":"2024-01-29T13:41:26","guid":{"rendered":"https:\/\/icvcm.org\/quadro-de-avaliacao\/"},"modified":"2026-02-19T09:49:08","modified_gmt":"2026-02-19T09:49:08","slug":"quadro-de-avaliacao","status":"publish","type":"page","link":"https:\/\/icvcm.org\/pt-pt\/quadro-de-avaliacao\/","title":{"rendered":"Quadro de avalia\u00e7\u00e3o"},"content":{"rendered":"\n<section id=\"hero_block_285f64387a78cf7abb1778fdfed89a9c\" class=\"hero relative  bg-navy-500  text-white text-center\">\n\n\t<!-- Block Anchor -->\n\t\n\t<div class=\"container relative\">\n\n        \t\t<!-- WPML Translation -->\n\t\t\t\t\t<div class=\"flex justify-end pt-16 -mb-16 lg:m-0 lg:p-0 lg:absolute lg:right-0 lg:top-[5.5rem]\">\n\t\t\t\t\n<div role=\"navigation\" aria-label=\"Alternador de Idioma\" class=\"wpml-ls-statics-shortcode_actions wpml-ls wpml-ls-legacy-dropdown-click js-wpml-ls-legacy-dropdown-click\">\n\t<ul>\n\n\t\t<li class=\"wpml-ls-slot-shortcode_actions wpml-ls-item wpml-ls-item-pt-pt wpml-ls-current-language wpml-ls-item-legacy-dropdown-click\">\n\n\t\t\t<a href=\"#?redirect=true\" hreflang=\"\" lang=\"\" class=\"js-wpml-ls-item-toggle wpml-ls-item-toggle\" aria-expanded=\"false\" aria-controls=\"wpml-ls-submenu-click-default\" aria-haspopup=\"true\" aria-label=\"Language switcher, click to open then tab to navigate\" tabindex=\"0\" role=\"button\" title=\"Switch to PT\">\n\t\t\t\t                                    <img decoding=\"async\"\n            class=\"wpml-ls-flag\"\n            src=\"https:\/\/icvcm.org\/?redirect=truewp-content\/plugins\/sitepress-multilingual-cms\/res\/flags\/pt-pt.svg\"\n            alt=\"\"\n            loading=\"lazy\"\n            width=28\n            height=20\n    \/><span class=\"wpml-ls-native\">PT<\/span><\/a>\n\n\t\t\t<ul id=\"wpml-ls-submenu-click-default\" class=\"js-wpml-ls-sub-menu wpml-ls-sub-menu\">\n\t\t\t\t\n\t\t\t\t\t<li class=\"wpml-ls-slot-shortcode_actions wpml-ls-item wpml-ls-item-en wpml-ls-first-item\">\n\t\t\t\t\t\t<a href=\"https:\/\/icvcm.org\/?redirect=true\" hreflang=\"en\" lang=\"en\" class=\"wpml-ls-link\" aria-label=\"Switch to EN\" title=\"Switch to EN\">\n\t\t\t\t\t\t\t                                    <img decoding=\"async\"\n            class=\"wpml-ls-flag\"\n            src=\"https:\/\/icvcm.org\/?redirect=truewp-content\/plugins\/sitepress-multilingual-cms\/res\/flags\/en.svg\"\n            alt=\"\"\n            loading=\"lazy\"\n            width=28\n            height=20\n    \/><span class=\"wpml-ls-native\">EN<\/span><\/a>\n\t\t\t\t\t<\/li>\n\n\t\t\t\t\n\t\t\t\t\t<li class=\"wpml-ls-slot-shortcode_actions wpml-ls-item wpml-ls-item-es\">\n\t\t\t\t\t\t<a href=\"https:\/\/icvcm.org\/?redirect=truees\/\" hreflang=\"es\" lang=\"es\" class=\"wpml-ls-link\" aria-label=\"Switch to ES\" title=\"Switch to ES\">\n\t\t\t\t\t\t\t                                    <img decoding=\"async\"\n            class=\"wpml-ls-flag\"\n            src=\"https:\/\/icvcm.org\/?redirect=truewp-content\/plugins\/sitepress-multilingual-cms\/res\/flags\/es.svg\"\n            alt=\"\"\n            loading=\"lazy\"\n            width=28\n            height=20\n    \/><span class=\"wpml-ls-native\">ES<\/span><\/a>\n\t\t\t\t\t<\/li>\n\n\t\t\t\t\n\t\t\t\t\t<li class=\"wpml-ls-slot-shortcode_actions wpml-ls-item wpml-ls-item-zh-hans\">\n\t\t\t\t\t\t<a href=\"https:\/\/icvcm.org\/?redirect=truezh-hans\/\" hreflang=\"zh-hans\" lang=\"zh-hans\" class=\"wpml-ls-link\" aria-label=\"Switch to CN\" title=\"Switch to CN\">\n\t\t\t\t\t\t\t                                    <img decoding=\"async\"\n            class=\"wpml-ls-flag\"\n            src=\"https:\/\/icvcm.org\/?redirect=truewp-content\/plugins\/sitepress-multilingual-cms\/res\/flags\/zh-hans.svg\"\n            alt=\"\"\n            loading=\"lazy\"\n            width=28\n            height=20\n    \/><span class=\"wpml-ls-native\">CN<\/span><\/a>\n\t\t\t\t\t<\/li>\n\n\t\t\t\t\n\t\t\t\t\t<li class=\"wpml-ls-slot-shortcode_actions wpml-ls-item wpml-ls-item-fr wpml-ls-last-item\">\n\t\t\t\t\t\t<a href=\"https:\/\/icvcm.org\/?redirect=truefr\/\" hreflang=\"fr\" lang=\"fr\" class=\"wpml-ls-link\" aria-label=\"Switch to FR\" title=\"Switch to FR\">\n\t\t\t\t\t\t\t                                    <img decoding=\"async\"\n            class=\"wpml-ls-flag\"\n            src=\"https:\/\/icvcm.org\/?redirect=truewp-content\/plugins\/sitepress-multilingual-cms\/res\/flags\/fr.svg\"\n            alt=\"\"\n            loading=\"lazy\"\n            width=28\n            height=20\n    \/><span class=\"wpml-ls-native\">FR<\/span><\/a>\n\t\t\t\t\t<\/li>\n\n\t\t\t\t\t\t\t<\/ul>\n\n\t\t<\/li>\n\n\t<\/ul>\n<\/div>\n\t\t\t<\/div>\n\t\t        \n\t\t\t\t\t<div class=\"m-auto max-w-[54.625rem] pt-[5.5rem] pb-[5.5rem]\">\n\t\t\t\t\t\t<!-- Content -->\n\t\t\t\t<div class=\"container \">\n\t\t\t\t\t<div class=\"prose \">\n\n<h2 class=\"wp-block-heading\">Quadro de avalia\u00e7\u00e3o<\/h2>\n\n\n\n<h2 class=\"wp-block-heading has-medium-font-size\">Avaliamos programas de cr\u00e9dito de carbono e categorias de cr\u00e9ditos para ades\u00e3o ao Quadro de Avalia\u00e7\u00e3o de Princ\u00edpios B\u00e1sicos de Carbono. Nosso Quadro de Avalia\u00e7\u00e3o \u00e9 o regulamento que define o funcionamento de um cr\u00e9dito de carbono de alta integridade.<\/h2>\n\n<\/div>\n\n\t\t\t\t\t<!-- Video -->\n\t\t\t\t\t\n\t\t\t\t\t<!-- Image -->\n\t\t\t\t\t\t\t\t\t<\/div>\n\t\t\t\t\t<\/div>\n\t\t\t<\/div>\n\n\t<\/section>\n<section id=\"columns_block_3390bd88a09f3cce131d0eb435d73cbb\" class=\"relative  inside-container-lg \">\n\t\t\n\t\t<div class=\"relative container\">\n\t\t\t\t<div class=\"grid grid-cols-1 lg:grid-cols-2 gap-4 md:gap-6 items-flex-start\">\n\n<div \n\tclass=\"flex items-start\t\t\t\">\n\t\t<div class=\"column w-full prose\">\n\n<h4 class=\"wp-block-heading\"><\/h4>\n\n\n\n<p>Para garantir que o mercado volunt\u00e1rio de carbono acelere uma transi\u00e7\u00e3o justa para 1,5\u00b0C, o Quadro de Avalia\u00e7\u00e3o define os crit\u00e9rios detalhados que usamos para avaliar se os programas de cr\u00e9dito de carbono e as categorias de cr\u00e9ditos de carbono observam os <a href=\"https:\/\/icvcm.org\/pt-pt\/os-principios-fundamentais-do-carbono\/\">Princ\u00edpios Fundamentais do Carbono (CCP)<\/a>. O CCP define um limite robusto e alcan\u00e7\u00e1vel que visa elevar os padr\u00f5es em todo o mercado volunt\u00e1rio de carbono a um n\u00edvel consistente de qualidade.<\/p>\n\n\n\n<p>O selo CCP foi projetado para criar confian\u00e7a no mercado volunt\u00e1rio de carbono e desbloquear investimentos, facilitando que os compradores reconhe\u00e7am e definam um pre\u00e7o em um cr\u00e9dito de carbono de alta integridade, independentemente do emissor do programa de cr\u00e9dito de carbono, do tipo de cr\u00e9dito ou seu lugar de gera\u00e7\u00e3o.<\/p>\n\n\n\n<section id=\"resources-links_block_2ef667fc39744274ce006e677ee9af78\" class=\"relative inside-container-lg\">\n\n\t\n\t\t\n\t\t<div class=\"container\">\n\t\n\t\t<div class=\"prose\">\n\n<h3 class=\"wp-block-heading\">Procedimento e Quadro de Avalia\u00e7\u00e3o dos Princ\u00edpios Fundamentais do Carbono<\/h3>\n\n\n\n<p>O Procedimento e Quadro de Avalia\u00e7\u00e3o dos Princ\u00edpios Fundamentais do Carbono s\u00e3o publicados nas seguintes partes:<\/p>\n\n<\/div>\n\n        <div class=\"mt-8 -mx-2 flex flex-row flex-wrap justify-center\">\n\n            \n        <\/div>\n\n        \n\t\t\n\t\t<\/div>\n\t\n<\/section>\n\n<\/div>\n<\/div>\n\n\n\n\n<div \n\tclass=\"flex items-start\t\t\t\">\n\t\t<div class=\"column w-full prose\">\n\n<figure class=\"wp-block-image size-full\"><img loading=\"lazy\" decoding=\"async\" width=\"669\" height=\"945\" src=\"https:\/\/icvcm.org\/wp-content\/uploads\/2024\/05\/AF-Front-Cover-1.1.png\" alt=\"O documento do quadro de avalia&#xE7;&#xE3;o\" class=\"wp-image-4973\" srcset=\"https:\/\/icvcm.org\/wp-content\/uploads\/2024\/05\/AF-Front-Cover-1.1.png 669w, https:\/\/icvcm.org\/wp-content\/uploads\/2024\/05\/AF-Front-Cover-1.1-212x300.png 212w\" sizes=\"auto, (max-width: 669px) 100vw, 669px\" \/><\/figure>\n\n<\/div>\n<\/div>\n\n\n<\/div>\n\t<\/div>\n<\/section>\n<section id=\"container_block_c6bc350988a10182106cc002e3b5a718\" class=\"relative inside-container-lg bg-blue-700 text-white wp-elements-2fad96f269bca8320c21caac181f420f\">\n\t\t\n\t\t<div class=\"relative container\">\n\t\t<div class=\"prose \">\n\n<h3 class=\"wp-block-heading has-text-align-center has-white-color has-text-color has-link-color wp-elements-acfcb938ed95aca9be28aff32fee71c7\">Como aplicamos o Quadro de Avalia\u00e7\u00e3o<\/h3>\n\n\n\n<p class=\"has-text-align-center\">Agora estamos fazendo avalia\u00e7\u00f5es paralelas dos programas e categorias de cr\u00e9dito de carbono para verificar a ader\u00eancia ao Quadro de Avalia\u00e7\u00e3o dos Princ\u00edpios Fundamentais do Carbono.<\/p>\n\n\n\n<div class=\"wp-block-buttons is-content-justification-center is-layout-flex wp-container-core-buttons-is-layout-16018d1d wp-block-buttons-is-layout-flex\">\n<div class=\"wp-block-button is-style-button-secondary\"><a class=\"wp-block-button__link wp-element-button\" href=\"https:\/\/icvcm.org\/how-we-assess-carbon-crediting-programs\/\" target=\"_blank\" rel=\"noreferrer noopener\">Como avaliamos os programas de cr\u00e9dito de carbono<\/a><\/div>\n\n\n\n<div class=\"wp-block-button is-style-button-secondary\"><a class=\"wp-block-button__link wp-element-button\" href=\"https:\/\/icvcm.org\/how-we-assess-categories-of-carbon-credits\/\" target=\"_blank\" rel=\"noreferrer noopener\">Como avaliamos as metodologias de cr\u00e9dito de carbono<\/a><\/div>\n<\/div>\n\n\n\n<h3 class=\"wp-block-heading has-text-align-center has-white-color has-text-color has-link-color wp-elements-cb558e33d0a69368f6d0035ad79cc9f9\">CCP e status de avalia\u00e7\u00e3o<\/h3>\n\n\n\n<div class=\"wp-block-buttons is-content-justification-center is-layout-flex wp-container-core-buttons-is-layout-16018d1d wp-block-buttons-is-layout-flex\">\n<div class=\"wp-block-button is-style-button-secondary\"><a class=\"wp-block-button__link wp-element-button\" href=\"https:\/\/icvcm.org\/pt-pt\/os-principios-fundamentais-do-carbono\/\">Saiba mais sobre nossos CCP<\/a><\/div>\n\n\n\n<div class=\"wp-block-button is-style-button-secondary\"><a class=\"wp-block-button__link wp-element-button\" href=\"https:\/\/icvcm.org\/assessment-status\/\">Veja o status da avalia\u00e7\u00e3o mais recente <\/a><\/div>\n<\/div>\n\n<\/div>\n\t<\/div>\n<\/section>\n<section class=\"inside-container-lg bg-white text-blue-700 wp-elements-d48faab9a8e8c68bb7d33c37db7c594d\">\n\t\t\n\t<div class=\"container\">\n\t\t<div \n\t\t\tclass=\"swiper group\"\n\t\t\tid=\"testimonial-slider_block_4c5e28bd82b4122dfd271be2a6cc852a\"\n\t\t\tdata-navigation =\"true\"\n\t\t\tdata-mobilecol=\"1\"\n\t\t\tdata-mobilegap=\"0\"\n\t\t\tdata-tabletcol=\"1\"\n\t\t\tdata-tabletgap=\"0\"\n\t\t\tdata-desktopcol=\"1\"\n\t\t\tdata-desktopgap=\"0\"\n\t\t>\n\n\t\t\t\t\t\t\t<!-- Navigation - Prev -->\n\t\t\t\t<div class=\"absolute w-16 h-full z-10 top-0 left-0 flex justify-center items-center\">\n\t\t\t\t\t<button\n\t\t\t\t\t\tid=\"swiper-prev-testimonial-slider_block_4c5e28bd82b4122dfd271be2a6cc852a\"\n\t\t\t\t\t\tclass=\"swiper-nav-button disabled:opacity-50\"\n\t\t\t\t\t>\n\t\t\t\t\t\t\t\t\t\t\t\t\t<span class=\"block w-8 h-8 relative right-px text-gray-500\">\n\t\t\t\t\t\t\t\t<svg xmlns=\"http:\/\/www.w3.org\/2000\/svg\"  viewBox=\"0 0 24 24\" fill=\"none\" stroke=\"currentColor\" stroke-width=\"2\" stroke-linecap=\"round\" stroke-linejoin=\"round\" class=\"feather feather-arrow-left-circle\"><circle cx=\"12\" cy=\"12\" r=\"10\"><\/circle><polyline points=\"12 8 8 12 12 16\"><\/polyline><line x1=\"16\" y1=\"12\" x2=\"8\" y2=\"12\"><\/line><\/svg>\t\t\t\t\t\t\t<\/span>\n\t\t\t\t\t\t\t\t\t\t\t<\/button>\n\t\t\t\t<\/div>\n\t\t\t\n\t\t\t<div class=\"swiper-wrapper\">\n\t\t\t\t\t\t\t\t\t<div class=\"swiper-slide text-center\">\n\t\t\t\t\t\t<div class=\"max-w-[50.5rem] mx-auto\">\n\t\t\t\t\t\t\t<p class=\"text-xl font-light mb-11\">&#8220;Our Assessment Framework will ensure consistency and drive up ambition across the market, ensuring that credits help us deliver our global climate goals.&#8221;<\/p><img loading=\"lazy\" decoding=\"async\" width=\"196\" height=\"196\" src=\"https:\/\/icvcm.org\/wp-content\/uploads\/2024\/02\/Farrukh-Khan.jpg\" class=\"h-16 w-16 rounded-full flex justify-center align-center object-cover m-auto mb-6 wp-post-image\" alt=\"Farrukh Khan\" srcset=\"https:\/\/icvcm.org\/wp-content\/uploads\/2024\/02\/Farrukh-Khan.jpg 196w, https:\/\/icvcm.org\/wp-content\/uploads\/2024\/02\/Farrukh-Khan-150x150.jpg 150w\" sizes=\"auto, (max-width: 196px) 100vw, 196px\" \/><p class=\"font-bold\">Farrukh Khan<\/p><p class=\"font-medium\">Member, Integrity Council&#8217;s Governing Board, and former senior member of the UN Secretary General&#8217;s Climate Team<\/p>\t\t\t\t\t\t<\/div>\n\t\t\t\t\t<\/div>\n\t\t\t\t\t\t\t\t\t<div class=\"swiper-slide text-center\">\n\t\t\t\t\t\t<div class=\"max-w-[50.5rem] mx-auto\">\n\t\t\t\t\t\t\t<p class=\"text-xl font-light mb-11\">&#8220;Our CCPs and assessment criteria set a global threshold for quality which aims to unlock finance at speed and scale for projects to reduce and remove billions of tonnes of emissions that would not otherwise be viable.&#8221;<\/p><img loading=\"lazy\" decoding=\"async\" width=\"600\" height=\"600\" src=\"https:\/\/icvcm.org\/wp-content\/uploads\/2024\/01\/AZ-ICVCM.jpg\" class=\"h-16 w-16 rounded-full flex justify-center align-center object-cover m-auto mb-6 wp-post-image\" alt=\"\" srcset=\"https:\/\/icvcm.org\/wp-content\/uploads\/2024\/01\/AZ-ICVCM.jpg 600w, https:\/\/icvcm.org\/wp-content\/uploads\/2024\/01\/AZ-ICVCM-300x300.jpg 300w, https:\/\/icvcm.org\/wp-content\/uploads\/2024\/01\/AZ-ICVCM-150x150.jpg 150w\" sizes=\"auto, (max-width: 600px) 100vw, 600px\" \/><p class=\"font-bold\">Annette L. Nazareth<\/p><p class=\"font-medium\">Chair, The Integrity Council for the Voluntary Carbon Market<\/p>\t\t\t\t\t\t<\/div>\n\t\t\t\t\t<\/div>\n\t\t\t\t\t\t\t<\/div>\n\n\t\t\t\t\t\t\t<!-- Navigation - Next -->\n\t\t\t\t<div class=\"absolute w-16 h-full z-10 top-0 right-0 flex justify-center items-center\">\n\t\t\t\t\t<button\n\t\t\t\t\t\tid=\"swiper-next-testimonial-slider_block_4c5e28bd82b4122dfd271be2a6cc852a\"\n\t\t\t\t\t\tclass=\"swiper-nav-button disabled:opacity-50\"\n\t\t\t\t\t>\n\t\t\t\t\t\t\t\t\t\t\t\t\t<span class=\"block w-8 h-8 relative left-px text-gray-500\">\n\t\t\t\t\t\t\t\t<svg xmlns=\"http:\/\/www.w3.org\/2000\/svg\"  viewBox=\"0 0 24 24\" fill=\"none\" stroke=\"currentColor\" stroke-width=\"2\" stroke-linecap=\"round\" stroke-linejoin=\"round\" class=\"feather feather-arrow-right-circle\"><circle cx=\"12\" cy=\"12\" r=\"10\"><\/circle><polyline points=\"12 16 16 12 12 8\"><\/polyline><line x1=\"8\" y1=\"12\" x2=\"16\" y2=\"12\"><\/line><\/svg>\t\t\t\t\t\t\t<\/span>\n\t\t\t\t\t\t\t\t\t\t\t<\/button>\n\t\t\t\t<\/div>\n\t\t\t\t\t<\/div>\n\t<\/div>\n<\/section>","protected":false},"excerpt":{"rendered":"","protected":false},"author":1,"featured_media":11264,"parent":0,"menu_order":0,"comment_status":"closed","ping_status":"closed","template":"","meta":{"_acf_changed":false,"footnotes":""},"class_list":["post-5597","page","type-page","status-publish","has-post-thumbnail","hentry"],"acf":[],"yoast_head":"<!-- This site is optimized with the Yoast SEO plugin v26.9 - https:\/\/yoast.com\/product\/yoast-seo-wordpress\/ -->\n<title>Quadro de avalia\u00e7\u00e3o | ICVCM<\/title>\n<meta name=\"description\" content=\"Avaliamos programas de cr\u00e9dito de carbono e categorias de cr\u00e9ditos para ades\u00e3o ao Quadro de Avalia\u00e7\u00e3o de Princ\u00edpios B\u00e1sicos de Carbono.\" \/>\n<meta name=\"robots\" content=\"index, follow, max-snippet:-1, max-image-preview:large, max-video-preview:-1\" \/>\n<link rel=\"canonical\" href=\"https:\/\/icvcm.org\/pt-pt\/quadro-de-avaliacao\/\" \/>\n<meta property=\"og:locale\" content=\"pt_PT\" \/>\n<meta property=\"og:type\" content=\"article\" \/>\n<meta property=\"og:title\" content=\"Quadro de avalia\u00e7\u00e3o | ICVCM\" \/>\n<meta property=\"og:description\" content=\"Avaliamos programas de cr\u00e9dito de carbono e categorias de cr\u00e9ditos para ades\u00e3o ao Quadro de Avalia\u00e7\u00e3o de Princ\u00edpios B\u00e1sicos de Carbono.\" \/>\n<meta property=\"og:url\" content=\"https:\/\/icvcm.org\/pt-pt\/quadro-de-avaliacao\/\" \/>\n<meta property=\"og:site_name\" content=\"ICVCM\" \/>\n<meta property=\"article:modified_time\" content=\"2026-02-19T09:49:08+00:00\" \/>\n<meta property=\"og:image\" content=\"https:\/\/icvcm.org\/wp-content\/uploads\/2025\/05\/pexels-taryn-elliott-5859211-scaled.webp\" \/>\n\t<meta property=\"og:image:width\" content=\"2560\" \/>\n\t<meta property=\"og:image:height\" content=\"1440\" \/>\n\t<meta property=\"og:image:type\" content=\"image\/webp\" \/>\n<meta name=\"twitter:card\" content=\"summary_large_image\" \/>\n<meta name=\"twitter:label1\" content=\"Tempo estimado de leitura\" \/>\n\t<meta name=\"twitter:data1\" content=\"2 minutos\" \/>\n<script type=\"application\/ld+json\" class=\"yoast-schema-graph\">{\"@context\":\"https:\/\/schema.org\",\"@graph\":[{\"@type\":\"WebPage\",\"@id\":\"https:\/\/icvcm.org\/pt-pt\/quadro-de-avaliacao\/\",\"url\":\"https:\/\/icvcm.org\/pt-pt\/quadro-de-avaliacao\/\",\"name\":\"Quadro de avalia\u00e7\u00e3o | ICVCM\",\"isPartOf\":{\"@id\":\"https:\/\/icvcm.org\/pt-pt\/#website\"},\"primaryImageOfPage\":{\"@id\":\"https:\/\/icvcm.org\/pt-pt\/quadro-de-avaliacao\/#primaryimage\"},\"image\":{\"@id\":\"https:\/\/icvcm.org\/pt-pt\/quadro-de-avaliacao\/#primaryimage\"},\"thumbnailUrl\":\"https:\/\/icvcm.org\/wp-content\/uploads\/2025\/05\/pexels-taryn-elliott-5859211-scaled.webp\",\"datePublished\":\"2024-01-29T13:41:26+00:00\",\"dateModified\":\"2026-02-19T09:49:08+00:00\",\"description\":\"Avaliamos programas de cr\u00e9dito de carbono e categorias de cr\u00e9ditos para ades\u00e3o ao Quadro de Avalia\u00e7\u00e3o de Princ\u00edpios B\u00e1sicos de Carbono.\",\"breadcrumb\":{\"@id\":\"https:\/\/icvcm.org\/pt-pt\/quadro-de-avaliacao\/#breadcrumb\"},\"inLanguage\":\"pt-PT\",\"potentialAction\":[{\"@type\":\"ReadAction\",\"target\":[\"https:\/\/icvcm.org\/pt-pt\/quadro-de-avaliacao\/\"]}]},{\"@type\":\"ImageObject\",\"inLanguage\":\"pt-PT\",\"@id\":\"https:\/\/icvcm.org\/pt-pt\/quadro-de-avaliacao\/#primaryimage\",\"url\":\"https:\/\/icvcm.org\/wp-content\/uploads\/2025\/05\/pexels-taryn-elliott-5859211-scaled.webp\",\"contentUrl\":\"https:\/\/icvcm.org\/wp-content\/uploads\/2025\/05\/pexels-taryn-elliott-5859211-scaled.webp\",\"width\":2560,\"height\":1440,\"caption\":\"Mangroves in Zanzibar, Mjini Magharibi Region, Tanzania\"},{\"@type\":\"BreadcrumbList\",\"@id\":\"https:\/\/icvcm.org\/pt-pt\/quadro-de-avaliacao\/#breadcrumb\",\"itemListElement\":[{\"@type\":\"ListItem\",\"position\":1,\"name\":\"Home\",\"item\":\"https:\/\/icvcm.org\/pt-pt\/\"},{\"@type\":\"ListItem\",\"position\":2,\"name\":\"Quadro de avalia\u00e7\u00e3o\"}]},{\"@type\":\"WebSite\",\"@id\":\"https:\/\/icvcm.org\/pt-pt\/#website\",\"url\":\"https:\/\/icvcm.org\/pt-pt\/\",\"name\":\"ICVCM New\",\"description\":\"Leading the way to high integrity in the Voluntary Carbon Market\",\"publisher\":{\"@id\":\"https:\/\/icvcm.org\/pt-pt\/#organization\"},\"potentialAction\":[{\"@type\":\"SearchAction\",\"target\":{\"@type\":\"EntryPoint\",\"urlTemplate\":\"https:\/\/icvcm.org\/pt-pt\/?s={search_term_string}\"},\"query-input\":{\"@type\":\"PropertyValueSpecification\",\"valueRequired\":true,\"valueName\":\"search_term_string\"}}],\"inLanguage\":\"pt-PT\"},{\"@type\":\"Organization\",\"@id\":\"https:\/\/icvcm.org\/pt-pt\/#organization\",\"name\":\"ICVCM New\",\"url\":\"https:\/\/icvcm.org\/pt-pt\/\",\"logo\":{\"@type\":\"ImageObject\",\"inLanguage\":\"pt-PT\",\"@id\":\"https:\/\/icvcm.org\/pt-pt\/#\/schema\/logo\/image\/\",\"url\":\"https:\/\/icvcm.org\/wp-content\/uploads\/2024\/01\/icvcm-logo-new.svg\",\"contentUrl\":\"https:\/\/icvcm.org\/wp-content\/uploads\/2024\/01\/icvcm-logo-new.svg\",\"width\":257,\"height\":40,\"caption\":\"ICVCM New\"},\"image\":{\"@id\":\"https:\/\/icvcm.org\/pt-pt\/#\/schema\/logo\/image\/\"}}]}<\/script>\n<!-- \/ Yoast SEO plugin. -->","yoast_head_json":{"title":"Quadro de avalia\u00e7\u00e3o | ICVCM","description":"Avaliamos programas de cr\u00e9dito de carbono e categorias de cr\u00e9ditos para ades\u00e3o ao Quadro de Avalia\u00e7\u00e3o de Princ\u00edpios B\u00e1sicos de Carbono.","robots":{"index":"index","follow":"follow","max-snippet":"max-snippet:-1","max-image-preview":"max-image-preview:large","max-video-preview":"max-video-preview:-1"},"canonical":"https:\/\/icvcm.org\/pt-pt\/quadro-de-avaliacao\/","og_locale":"pt_PT","og_type":"article","og_title":"Quadro de avalia\u00e7\u00e3o | ICVCM","og_description":"Avaliamos programas de cr\u00e9dito de carbono e categorias de cr\u00e9ditos para ades\u00e3o ao Quadro de Avalia\u00e7\u00e3o de Princ\u00edpios B\u00e1sicos de Carbono.","og_url":"https:\/\/icvcm.org\/pt-pt\/quadro-de-avaliacao\/","og_site_name":"ICVCM","article_modified_time":"2026-02-19T09:49:08+00:00","og_image":[{"width":2560,"height":1440,"url":"https:\/\/icvcm.org\/wp-content\/uploads\/2025\/05\/pexels-taryn-elliott-5859211-scaled.webp","type":"image\/webp"}],"twitter_card":"summary_large_image","twitter_misc":{"Tempo estimado de leitura":"2 minutos"},"schema":{"@context":"https:\/\/schema.org","@graph":[{"@type":"WebPage","@id":"https:\/\/icvcm.org\/pt-pt\/quadro-de-avaliacao\/","url":"https:\/\/icvcm.org\/pt-pt\/quadro-de-avaliacao\/","name":"Quadro de avalia\u00e7\u00e3o | ICVCM","isPartOf":{"@id":"https:\/\/icvcm.org\/pt-pt\/#website"},"primaryImageOfPage":{"@id":"https:\/\/icvcm.org\/pt-pt\/quadro-de-avaliacao\/#primaryimage"},"image":{"@id":"https:\/\/icvcm.org\/pt-pt\/quadro-de-avaliacao\/#primaryimage"},"thumbnailUrl":"https:\/\/icvcm.org\/wp-content\/uploads\/2025\/05\/pexels-taryn-elliott-5859211-scaled.webp","datePublished":"2024-01-29T13:41:26+00:00","dateModified":"2026-02-19T09:49:08+00:00","description":"Avaliamos programas de cr\u00e9dito de carbono e categorias de cr\u00e9ditos para ades\u00e3o ao Quadro de Avalia\u00e7\u00e3o de Princ\u00edpios B\u00e1sicos de Carbono.","breadcrumb":{"@id":"https:\/\/icvcm.org\/pt-pt\/quadro-de-avaliacao\/#breadcrumb"},"inLanguage":"pt-PT","potentialAction":[{"@type":"ReadAction","target":["https:\/\/icvcm.org\/pt-pt\/quadro-de-avaliacao\/"]}]},{"@type":"ImageObject","inLanguage":"pt-PT","@id":"https:\/\/icvcm.org\/pt-pt\/quadro-de-avaliacao\/#primaryimage","url":"https:\/\/icvcm.org\/wp-content\/uploads\/2025\/05\/pexels-taryn-elliott-5859211-scaled.webp","contentUrl":"https:\/\/icvcm.org\/wp-content\/uploads\/2025\/05\/pexels-taryn-elliott-5859211-scaled.webp","width":2560,"height":1440,"caption":"Mangroves in Zanzibar, Mjini Magharibi Region, Tanzania"},{"@type":"BreadcrumbList","@id":"https:\/\/icvcm.org\/pt-pt\/quadro-de-avaliacao\/#breadcrumb","itemListElement":[{"@type":"ListItem","position":1,"name":"Home","item":"https:\/\/icvcm.org\/pt-pt\/"},{"@type":"ListItem","position":2,"name":"Quadro de avalia\u00e7\u00e3o"}]},{"@type":"WebSite","@id":"https:\/\/icvcm.org\/pt-pt\/#website","url":"https:\/\/icvcm.org\/pt-pt\/","name":"ICVCM New","description":"Leading the way to high integrity in the Voluntary Carbon Market","publisher":{"@id":"https:\/\/icvcm.org\/pt-pt\/#organization"},"potentialAction":[{"@type":"SearchAction","target":{"@type":"EntryPoint","urlTemplate":"https:\/\/icvcm.org\/pt-pt\/?s={search_term_string}"},"query-input":{"@type":"PropertyValueSpecification","valueRequired":true,"valueName":"search_term_string"}}],"inLanguage":"pt-PT"},{"@type":"Organization","@id":"https:\/\/icvcm.org\/pt-pt\/#organization","name":"ICVCM New","url":"https:\/\/icvcm.org\/pt-pt\/","logo":{"@type":"ImageObject","inLanguage":"pt-PT","@id":"https:\/\/icvcm.org\/pt-pt\/#\/schema\/logo\/image\/","url":"https:\/\/icvcm.org\/wp-content\/uploads\/2024\/01\/icvcm-logo-new.svg","contentUrl":"https:\/\/icvcm.org\/wp-content\/uploads\/2024\/01\/icvcm-logo-new.svg","width":257,"height":40,"caption":"ICVCM New"},"image":{"@id":"https:\/\/icvcm.org\/pt-pt\/#\/schema\/logo\/image\/"}}]}},"publishpress_future_action":{"enabled":false,"date":"2026-05-09 07:40:55","action":"change-status","newStatus":"draft","terms":[],"taxonomy":"translation_priority","extraData":[]},"publishpress_future_workflow_manual_trigger":{"enabledWorkflows":[]},"_links":{"self":[{"href":"https:\/\/icvcm.org\/pt-pt\/wp-json\/wp\/v2\/pages\/5597","targetHints":{"allow":["GET"]}}],"collection":[{"href":"https:\/\/icvcm.org\/pt-pt\/wp-json\/wp\/v2\/pages"}],"about":[{"href":"https:\/\/icvcm.org\/pt-pt\/wp-json\/wp\/v2\/types\/page"}],"author":[{"embeddable":true,"href":"https:\/\/icvcm.org\/pt-pt\/wp-json\/wp\/v2\/users\/1"}],"replies":[{"embeddable":true,"href":"https:\/\/icvcm.org\/pt-pt\/wp-json\/wp\/v2\/comments?post=5597"}],"version-history":[{"count":3,"href":"https:\/\/icvcm.org\/pt-pt\/wp-json\/wp\/v2\/pages\/5597\/revisions"}],"predecessor-version":[{"id":16949,"href":"https:\/\/icvcm.org\/pt-pt\/wp-json\/wp\/v2\/pages\/5597\/revisions\/16949"}],"wp:featuredmedia":[{"embeddable":true,"href":"https:\/\/icvcm.org\/pt-pt\/wp-json\/wp\/v2\/media\/11264"}],"wp:attachment":[{"href":"https:\/\/icvcm.org\/pt-pt\/wp-json\/wp\/v2\/media?parent=5597"}],"curies":[{"name":"wp","href":"https:\/\/api.w.org\/{rel}","templated":true}]}}