{"id":5584,"date":"2024-01-29T13:41:26","date_gmt":"2024-01-29T13:41:26","guid":{"rendered":"https:\/\/icvcm.org\/cadre-devaluation\/"},"modified":"2026-02-19T09:49:09","modified_gmt":"2026-02-19T09:49:09","slug":"cadre-devaluation","status":"publish","type":"page","link":"https:\/\/icvcm.org\/fr\/cadre-devaluation\/","title":{"rendered":"Cadre d\u2019\u00e9valuation"},"content":{"rendered":"\n<section id=\"hero_block_67a77df78d5109c95562c66dea68f19f\" class=\"hero relative  bg-navy-500  text-white text-center\">\n\n\t<!-- Block Anchor -->\n\t\n\t<div class=\"container relative\">\n\n        \t\t<!-- WPML Translation -->\n\t\t\t\t\t<div class=\"flex justify-end pt-16 -mb-16 lg:m-0 lg:p-0 lg:absolute lg:right-0 lg:top-[5.5rem]\">\n\t\t\t\t\n<div role=\"navigation\" aria-label=\"S\u00e9lecteur de langue\" class=\"wpml-ls-statics-shortcode_actions wpml-ls wpml-ls-legacy-dropdown-click js-wpml-ls-legacy-dropdown-click\">\n\t<ul>\n\n\t\t<li class=\"wpml-ls-slot-shortcode_actions wpml-ls-item wpml-ls-item-fr wpml-ls-current-language wpml-ls-last-item wpml-ls-item-legacy-dropdown-click\">\n\n\t\t\t<a href=\"#?redirect=true\" hreflang=\"\" lang=\"\" class=\"js-wpml-ls-item-toggle wpml-ls-item-toggle\" aria-expanded=\"false\" aria-controls=\"wpml-ls-submenu-click-default\" aria-haspopup=\"true\" aria-label=\"Language switcher, click to open then tab to navigate\" tabindex=\"0\" role=\"button\" title=\"Passer \u00e0 FR\">\n\t\t\t\t                                    <img decoding=\"async\"\n            class=\"wpml-ls-flag\"\n            src=\"https:\/\/icvcm.org\/?redirect=truewp-content\/plugins\/sitepress-multilingual-cms\/res\/flags\/fr.svg\"\n            alt=\"\"\n            loading=\"lazy\"\n            width=28\n            height=20\n    \/><span class=\"wpml-ls-native\">FR<\/span><\/a>\n\n\t\t\t<ul id=\"wpml-ls-submenu-click-default\" class=\"js-wpml-ls-sub-menu wpml-ls-sub-menu\">\n\t\t\t\t\n\t\t\t\t\t<li class=\"wpml-ls-slot-shortcode_actions wpml-ls-item wpml-ls-item-en wpml-ls-first-item\">\n\t\t\t\t\t\t<a href=\"https:\/\/icvcm.org\/?redirect=true\" hreflang=\"en\" lang=\"en\" class=\"wpml-ls-link\" aria-label=\"Passer \u00e0 EN\" title=\"Passer \u00e0 EN\">\n\t\t\t\t\t\t\t                                    <img decoding=\"async\"\n            class=\"wpml-ls-flag\"\n            src=\"https:\/\/icvcm.org\/?redirect=truewp-content\/plugins\/sitepress-multilingual-cms\/res\/flags\/en.svg\"\n            alt=\"\"\n            loading=\"lazy\"\n            width=28\n            height=20\n    \/><span class=\"wpml-ls-native\">EN<\/span><\/a>\n\t\t\t\t\t<\/li>\n\n\t\t\t\t\n\t\t\t\t\t<li class=\"wpml-ls-slot-shortcode_actions wpml-ls-item wpml-ls-item-pt-pt\">\n\t\t\t\t\t\t<a href=\"https:\/\/icvcm.org\/?redirect=truept-pt\/\" hreflang=\"pt-pt\" lang=\"pt-pt\" class=\"wpml-ls-link\" aria-label=\"Passer \u00e0 PT\" title=\"Passer \u00e0 PT\">\n\t\t\t\t\t\t\t                                    <img decoding=\"async\"\n            class=\"wpml-ls-flag\"\n            src=\"https:\/\/icvcm.org\/?redirect=truewp-content\/plugins\/sitepress-multilingual-cms\/res\/flags\/pt-pt.svg\"\n            alt=\"\"\n            loading=\"lazy\"\n            width=28\n            height=20\n    \/><span class=\"wpml-ls-native\">PT<\/span><\/a>\n\t\t\t\t\t<\/li>\n\n\t\t\t\t\n\t\t\t\t\t<li class=\"wpml-ls-slot-shortcode_actions wpml-ls-item wpml-ls-item-es\">\n\t\t\t\t\t\t<a href=\"https:\/\/icvcm.org\/?redirect=truees\/\" hreflang=\"es\" lang=\"es\" class=\"wpml-ls-link\" aria-label=\"Passer \u00e0 ES\" title=\"Passer \u00e0 ES\">\n\t\t\t\t\t\t\t                                    <img decoding=\"async\"\n            class=\"wpml-ls-flag\"\n            src=\"https:\/\/icvcm.org\/?redirect=truewp-content\/plugins\/sitepress-multilingual-cms\/res\/flags\/es.svg\"\n            alt=\"\"\n            loading=\"lazy\"\n            width=28\n            height=20\n    \/><span class=\"wpml-ls-native\">ES<\/span><\/a>\n\t\t\t\t\t<\/li>\n\n\t\t\t\t\n\t\t\t\t\t<li class=\"wpml-ls-slot-shortcode_actions wpml-ls-item wpml-ls-item-zh-hans\">\n\t\t\t\t\t\t<a href=\"https:\/\/icvcm.org\/?redirect=truezh-hans\/\" hreflang=\"zh-hans\" lang=\"zh-hans\" class=\"wpml-ls-link\" aria-label=\"Passer \u00e0 CN\" title=\"Passer \u00e0 CN\">\n\t\t\t\t\t\t\t                                    <img decoding=\"async\"\n            class=\"wpml-ls-flag\"\n            src=\"https:\/\/icvcm.org\/?redirect=truewp-content\/plugins\/sitepress-multilingual-cms\/res\/flags\/zh-hans.svg\"\n            alt=\"\"\n            loading=\"lazy\"\n            width=28\n            height=20\n    \/><span class=\"wpml-ls-native\">CN<\/span><\/a>\n\t\t\t\t\t<\/li>\n\n\t\t\t\t\t\t\t<\/ul>\n\n\t\t<\/li>\n\n\t<\/ul>\n<\/div>\n\t\t\t<\/div>\n\t\t        \n\t\t\t\t\t<div class=\"m-auto max-w-[54.625rem] pt-[5.5rem] pb-[5.5rem]\">\n\t\t\t\t\t\t<!-- Content -->\n\t\t\t\t<div class=\"container \">\n\t\t\t\t\t<div class=\"prose \">\n\n<h2 class=\"wp-block-heading\">Cadre d\u2019\u00e9valuation<\/h2>\n\n\n\n<h2 class=\"wp-block-heading has-medium-font-size\">Nous \u00e9valuons les programmes de cr\u00e9dit carbone et les cat\u00e9gories de cr\u00e9dits en fonction du cadre d\u2019\u00e9valuation des principes fondamentaux du carbone. Notre cadre d\u2019\u00e9valuation est le livre de r\u00e8gles qui d\u00e9finit ce qu\u2019est un cr\u00e9dit carbone \u00e0 haute int\u00e9grit\u00e9. Notre cadre d\u2019\u00e9valuation est le livre de r\u00e8gles qui d\u00e9finit ce \u00e0 quoi ressemble un cr\u00e9dit carbone \u00e0 haute int\u00e9grit\u00e9.<\/h2>\n\n<\/div>\n\n\t\t\t\t\t<!-- Video -->\n\t\t\t\t\t\n\t\t\t\t\t<!-- Image -->\n\t\t\t\t\t\t\t\t\t<\/div>\n\t\t\t\t\t<\/div>\n\t\t\t<\/div>\n\n\t<\/section>\n<section id=\"columns_block_ecd91c19d903f1375706951b19becc3e\" class=\"relative  inside-container-lg \">\n\t\t\n\t\t<div class=\"relative container\">\n\t\t\t\t<div class=\"grid grid-cols-1 lg:grid-cols-2 gap-4 md:gap-6 items-flex-start\">\n\n<div \n\tclass=\"flex items-start\t\t\t\">\n\t\t<div class=\"column w-full prose\">\n\n<h4 class=\"wp-block-heading\"><\/h4>\n\n\n\n<p>Afin de garantir que le march\u00e9 volontaire du carbone acc\u00e9l\u00e8re une transition juste vers 1,5\u00b0C, le cadre d\u2019\u00e9valuation d\u00e9finit les crit\u00e8res d\u00e9taill\u00e9s que nous utilisons pour \u00e9valuer la conformit\u00e9 des programmes de cr\u00e9dit carbone et des cat\u00e9gories de cr\u00e9dits carbone avec les principes <a href=\"https:\/\/icvcm.org\/fr\/principes-fondamentaux-du-carbone\/\">fondamentaux du carbone (CCP)<\/a>. Il fixe un seuil solide et r\u00e9alisable qui vise \u00e0 \u00e9lever les normes du march\u00e9 volontaire du carbone \u00e0 un niveau de qualit\u00e9 coh\u00e9rent.<\/p>\n\n\n\n<p>Le label CCP est destin\u00e9 \u00e0 renforcer la confiance dans le march\u00e9 volontaire du carbone et \u00e0 d\u00e9bloquer les investissements en permettant aux acheteurs de reconna\u00eetre facilement un cr\u00e9dit carbone \u00e0 haute int\u00e9grit\u00e9 et de lui attribuer un prix, quel que soit le programme de cr\u00e9dit carbone qui l\u2019a d\u00e9livr\u00e9, le type de cr\u00e9dit ou l\u2019endroit o\u00f9 il a \u00e9t\u00e9 g\u00e9n\u00e9r\u00e9.<\/p>\n\n\n\n<section id=\"resources-links_block_72df045f8194fcbf6dab4fe57a581cff\" class=\"relative inside-container-lg\">\n\n\t\n\t\t\n\t\t<div class=\"container\">\n\t\n\t\t<div class=\"prose\">\n\n<h3 class=\"wp-block-heading\">Cadre et proc\u00e9dure d\u2019\u00e9valuation des principes fondamentaux du carbone<\/h3>\n\n\n\n<p>Le cadre et la proc\u00e9dure d\u2019\u00e9valuation des principes fondamentaux du carbone sont publi\u00e9s dans les parties suivantes :<\/p>\n\n<\/div>\n\n        <div class=\"mt-8 -mx-2 flex flex-row flex-wrap justify-center\">\n\n            \n        <\/div>\n\n        \n\t\t\n\t\t<\/div>\n\t\n<\/section>\n\n<\/div>\n<\/div>\n\n\n\n\n<div \n\tclass=\"flex items-start\t\t\t\">\n\t\t<div class=\"column w-full prose\">\n\n<figure class=\"wp-block-image size-full\"><img loading=\"lazy\" decoding=\"async\" width=\"669\" height=\"945\" src=\"https:\/\/icvcm.org\/wp-content\/uploads\/2024\/05\/AF-Front-Cover-1.1.png\" alt=\"Le document cadre d'&#xE9;valuation\" class=\"wp-image-4973\" srcset=\"https:\/\/icvcm.org\/wp-content\/uploads\/2024\/05\/AF-Front-Cover-1.1.png 669w, https:\/\/icvcm.org\/wp-content\/uploads\/2024\/05\/AF-Front-Cover-1.1-212x300.png 212w\" sizes=\"auto, (max-width: 669px) 100vw, 669px\" \/><\/figure>\n\n<\/div>\n<\/div>\n\n\n<\/div>\n\t<\/div>\n<\/section>\n<section id=\"container_block_80b308fa1459a3159ff57c627d3c219a\" class=\"relative inside-container-lg bg-blue-700 text-white wp-elements-253e990986101fc7f53df459d8c4d31f\">\n\t\t\n\t\t<div class=\"relative container\">\n\t\t<div class=\"prose \">\n\n<h3 class=\"wp-block-heading has-text-align-center has-white-color has-text-color has-link-color wp-elements-d5a34be71780ab08e5c18f980df2e940\">Comment nous appliquons le cadre d\u2019\u00e9valuation<\/h3>\n\n\n\n<p class=\"has-text-align-center\">Nous menons actuellement des \u00e9valuations parall\u00e8les des programmes de cr\u00e9dit carbone et des cat\u00e9gories de cr\u00e9dits carbone pour v\u00e9rifier leur conformit\u00e9 au cadre d\u2019\u00e9valuation des principes fondamentaux du carbone.<\/p>\n\n\n\n<div class=\"wp-block-buttons is-content-justification-center is-layout-flex wp-container-core-buttons-is-layout-16018d1d wp-block-buttons-is-layout-flex\">\n<div class=\"wp-block-button is-style-button-secondary\"><a class=\"wp-block-button__link wp-element-button\" href=\"https:\/\/icvcm.org\/how-we-assess-carbon-crediting-programs\/\" target=\"_blank\" rel=\"noreferrer noopener\">Comment nous \u00e9valuons les programmes de cr\u00e9dit carbone<\/a><\/div>\n\n\n\n<div class=\"wp-block-button is-style-button-secondary\"><a class=\"wp-block-button__link wp-element-button\" href=\"https:\/\/icvcm.org\/how-we-assess-categories-of-carbon-credits\/\" target=\"_blank\" rel=\"noreferrer noopener\">Comment nous \u00e9valuons les m\u00e9thodes de cr\u00e9dit carbone<\/a><\/div>\n<\/div>\n\n\n\n<h3 class=\"wp-block-heading has-text-align-center has-white-color has-text-color has-link-color wp-elements-79fa70a3d6f23decdf8271fc6f31af6c\">CCP et statut de l\u2019\u00e9valuation<\/h3>\n\n\n\n<div class=\"wp-block-buttons is-content-justification-center is-layout-flex wp-container-core-buttons-is-layout-16018d1d wp-block-buttons-is-layout-flex\">\n<div class=\"wp-block-button is-style-button-secondary\"><a class=\"wp-block-button__link wp-element-button\" href=\"https:\/\/icvcm.org\/fr\/principes-fondamentaux-du-carbone\/\">En savoir plus sur nos CCP<\/a><\/div>\n\n\n\n<div class=\"wp-block-button is-style-button-secondary\"><a class=\"wp-block-button__link wp-element-button\" href=\"https:\/\/icvcm.org\/assessment-status\/\">Voir le dernier statut d\u2019\u00e9valuation <\/a><\/div>\n<\/div>\n\n<\/div>\n\t<\/div>\n<\/section>\n<section class=\"inside-container-lg bg-white text-blue-700 wp-elements-d48faab9a8e8c68bb7d33c37db7c594d\">\n\t\t\n\t<div class=\"container\">\n\t\t<div \n\t\t\tclass=\"swiper group\"\n\t\t\tid=\"testimonial-slider_block_810026d8b15f735b3b741490eb7d7da4\"\n\t\t\tdata-navigation =\"true\"\n\t\t\tdata-mobilecol=\"1\"\n\t\t\tdata-mobilegap=\"0\"\n\t\t\tdata-tabletcol=\"1\"\n\t\t\tdata-tabletgap=\"0\"\n\t\t\tdata-desktopcol=\"1\"\n\t\t\tdata-desktopgap=\"0\"\n\t\t>\n\n\t\t\t\t\t\t\t<!-- Navigation - Prev -->\n\t\t\t\t<div class=\"absolute w-16 h-full z-10 top-0 left-0 flex justify-center items-center\">\n\t\t\t\t\t<button\n\t\t\t\t\t\tid=\"swiper-prev-testimonial-slider_block_810026d8b15f735b3b741490eb7d7da4\"\n\t\t\t\t\t\tclass=\"swiper-nav-button disabled:opacity-50\"\n\t\t\t\t\t>\n\t\t\t\t\t\t\t\t\t\t\t\t\t<span class=\"block w-8 h-8 relative right-px text-gray-500\">\n\t\t\t\t\t\t\t\t<svg xmlns=\"http:\/\/www.w3.org\/2000\/svg\"  viewBox=\"0 0 24 24\" fill=\"none\" stroke=\"currentColor\" stroke-width=\"2\" stroke-linecap=\"round\" stroke-linejoin=\"round\" class=\"feather feather-arrow-left-circle\"><circle cx=\"12\" cy=\"12\" r=\"10\"><\/circle><polyline points=\"12 8 8 12 12 16\"><\/polyline><line x1=\"16\" y1=\"12\" x2=\"8\" y2=\"12\"><\/line><\/svg>\t\t\t\t\t\t\t<\/span>\n\t\t\t\t\t\t\t\t\t\t\t<\/button>\n\t\t\t\t<\/div>\n\t\t\t\n\t\t\t<div class=\"swiper-wrapper\">\n\t\t\t\t\t\t\t\t\t<div class=\"swiper-slide text-center\">\n\t\t\t\t\t\t<div class=\"max-w-[50.5rem] mx-auto\">\n\t\t\t\t\t\t\t<p class=\"text-xl font-light mb-11\">&#8220;Our Assessment Framework will ensure consistency and drive up ambition across the market, ensuring that credits help us deliver our global climate goals.&#8221;<\/p><img loading=\"lazy\" decoding=\"async\" width=\"196\" height=\"196\" src=\"https:\/\/icvcm.org\/wp-content\/uploads\/2024\/02\/Farrukh-Khan.jpg\" class=\"h-16 w-16 rounded-full flex justify-center align-center object-cover m-auto mb-6 wp-post-image\" alt=\"Farrukh Khan\" srcset=\"https:\/\/icvcm.org\/wp-content\/uploads\/2024\/02\/Farrukh-Khan.jpg 196w, https:\/\/icvcm.org\/wp-content\/uploads\/2024\/02\/Farrukh-Khan-150x150.jpg 150w\" sizes=\"auto, (max-width: 196px) 100vw, 196px\" \/><p class=\"font-bold\">Farrukh Khan<\/p><p class=\"font-medium\">Member, Integrity Council&#8217;s Governing Board, and former senior member of the UN Secretary General&#8217;s Climate Team<\/p>\t\t\t\t\t\t<\/div>\n\t\t\t\t\t<\/div>\n\t\t\t\t\t\t\t\t\t<div class=\"swiper-slide text-center\">\n\t\t\t\t\t\t<div class=\"max-w-[50.5rem] mx-auto\">\n\t\t\t\t\t\t\t<p class=\"text-xl font-light mb-11\">&#8220;Our CCPs and assessment criteria set a global threshold for quality which aims to unlock finance at speed and scale for projects to reduce and remove billions of tonnes of emissions that would not otherwise be viable.&#8221;<\/p><img loading=\"lazy\" decoding=\"async\" width=\"600\" height=\"600\" src=\"https:\/\/icvcm.org\/wp-content\/uploads\/2024\/01\/AZ-ICVCM.jpg\" class=\"h-16 w-16 rounded-full flex justify-center align-center object-cover m-auto mb-6 wp-post-image\" alt=\"\" srcset=\"https:\/\/icvcm.org\/wp-content\/uploads\/2024\/01\/AZ-ICVCM.jpg 600w, https:\/\/icvcm.org\/wp-content\/uploads\/2024\/01\/AZ-ICVCM-300x300.jpg 300w, https:\/\/icvcm.org\/wp-content\/uploads\/2024\/01\/AZ-ICVCM-150x150.jpg 150w\" sizes=\"auto, (max-width: 600px) 100vw, 600px\" \/><p class=\"font-bold\">Annette L. Nazareth<\/p><p class=\"font-medium\">Chair, The Integrity Council for the Voluntary Carbon Market<\/p>\t\t\t\t\t\t<\/div>\n\t\t\t\t\t<\/div>\n\t\t\t\t\t\t\t<\/div>\n\n\t\t\t\t\t\t\t<!-- Navigation - Next -->\n\t\t\t\t<div class=\"absolute w-16 h-full z-10 top-0 right-0 flex justify-center items-center\">\n\t\t\t\t\t<button\n\t\t\t\t\t\tid=\"swiper-next-testimonial-slider_block_810026d8b15f735b3b741490eb7d7da4\"\n\t\t\t\t\t\tclass=\"swiper-nav-button disabled:opacity-50\"\n\t\t\t\t\t>\n\t\t\t\t\t\t\t\t\t\t\t\t\t<span class=\"block w-8 h-8 relative left-px text-gray-500\">\n\t\t\t\t\t\t\t\t<svg xmlns=\"http:\/\/www.w3.org\/2000\/svg\"  viewBox=\"0 0 24 24\" fill=\"none\" stroke=\"currentColor\" stroke-width=\"2\" stroke-linecap=\"round\" stroke-linejoin=\"round\" class=\"feather feather-arrow-right-circle\"><circle cx=\"12\" cy=\"12\" r=\"10\"><\/circle><polyline points=\"12 16 16 12 12 8\"><\/polyline><line x1=\"8\" y1=\"12\" x2=\"16\" y2=\"12\"><\/line><\/svg>\t\t\t\t\t\t\t<\/span>\n\t\t\t\t\t\t\t\t\t\t\t<\/button>\n\t\t\t\t<\/div>\n\t\t\t\t\t<\/div>\n\t<\/div>\n<\/section>","protected":false},"excerpt":{"rendered":"","protected":false},"author":1,"featured_media":11262,"parent":0,"menu_order":0,"comment_status":"closed","ping_status":"closed","template":"","meta":{"_acf_changed":false,"footnotes":""},"class_list":["post-5584","page","type-page","status-publish","has-post-thumbnail","hentry"],"acf":[],"yoast_head":"<!-- This site is optimized with the Yoast SEO plugin v26.9 - https:\/\/yoast.com\/product\/yoast-seo-wordpress\/ -->\n<title>Cadre d\u2019\u00e9valuation | ICVCM<\/title>\n<meta name=\"description\" content=\"Nous \u00e9valuons les programmes de cr\u00e9dit carbone et les cat\u00e9gories de cr\u00e9dits en fonction du cadre d\u2019\u00e9valuation des principes fondamentaux du carbone. Notre cadre d\u2019\u00e9valuation est le livre de r\u00e8gles qui d\u00e9finit ce qu\u2019est un cr\u00e9dit carbone \u00e0 haute int\u00e9grit\u00e9.\" \/>\n<meta name=\"robots\" content=\"index, follow, max-snippet:-1, max-image-preview:large, max-video-preview:-1\" \/>\n<link rel=\"canonical\" href=\"https:\/\/icvcm.org\/fr\/cadre-devaluation\/\" \/>\n<meta property=\"og:locale\" content=\"fr_FR\" \/>\n<meta property=\"og:type\" content=\"article\" \/>\n<meta property=\"og:title\" content=\"Cadre d\u2019\u00e9valuation | ICVCM\" \/>\n<meta property=\"og:description\" content=\"Nous \u00e9valuons les programmes de cr\u00e9dit carbone et les cat\u00e9gories de cr\u00e9dits en fonction du cadre d\u2019\u00e9valuation des principes fondamentaux du carbone. Notre cadre d\u2019\u00e9valuation est le livre de r\u00e8gles qui d\u00e9finit ce qu\u2019est un cr\u00e9dit carbone \u00e0 haute int\u00e9grit\u00e9.\" \/>\n<meta property=\"og:url\" content=\"https:\/\/icvcm.org\/fr\/cadre-devaluation\/\" \/>\n<meta property=\"og:site_name\" content=\"ICVCM\" \/>\n<meta property=\"article:modified_time\" content=\"2026-02-19T09:49:09+00:00\" \/>\n<meta property=\"og:image\" content=\"https:\/\/icvcm.org\/wp-content\/uploads\/2025\/05\/pexels-taryn-elliott-5859211-scaled.webp\" \/>\n\t<meta property=\"og:image:width\" content=\"2560\" \/>\n\t<meta property=\"og:image:height\" content=\"1440\" \/>\n\t<meta property=\"og:image:type\" content=\"image\/webp\" \/>\n<meta name=\"twitter:card\" content=\"summary_large_image\" \/>\n<meta name=\"twitter:label1\" content=\"Dur\u00e9e de lecture estim\u00e9e\" \/>\n\t<meta name=\"twitter:data1\" content=\"2 minutes\" \/>\n<script type=\"application\/ld+json\" class=\"yoast-schema-graph\">{\"@context\":\"https:\/\/schema.org\",\"@graph\":[{\"@type\":\"WebPage\",\"@id\":\"https:\/\/icvcm.org\/fr\/cadre-devaluation\/\",\"url\":\"https:\/\/icvcm.org\/fr\/cadre-devaluation\/\",\"name\":\"Cadre d\u2019\u00e9valuation | ICVCM\",\"isPartOf\":{\"@id\":\"https:\/\/icvcm.org\/fr\/#website\"},\"primaryImageOfPage\":{\"@id\":\"https:\/\/icvcm.org\/fr\/cadre-devaluation\/#primaryimage\"},\"image\":{\"@id\":\"https:\/\/icvcm.org\/fr\/cadre-devaluation\/#primaryimage\"},\"thumbnailUrl\":\"https:\/\/icvcm.org\/wp-content\/uploads\/2025\/05\/pexels-taryn-elliott-5859211-scaled.webp\",\"datePublished\":\"2024-01-29T13:41:26+00:00\",\"dateModified\":\"2026-02-19T09:49:09+00:00\",\"description\":\"Nous \u00e9valuons les programmes de cr\u00e9dit carbone et les cat\u00e9gories de cr\u00e9dits en fonction du cadre d\u2019\u00e9valuation des principes fondamentaux du carbone. Notre cadre d\u2019\u00e9valuation est le livre de r\u00e8gles qui d\u00e9finit ce qu\u2019est un cr\u00e9dit carbone \u00e0 haute int\u00e9grit\u00e9.\",\"breadcrumb\":{\"@id\":\"https:\/\/icvcm.org\/fr\/cadre-devaluation\/#breadcrumb\"},\"inLanguage\":\"fr-FR\",\"potentialAction\":[{\"@type\":\"ReadAction\",\"target\":[\"https:\/\/icvcm.org\/fr\/cadre-devaluation\/\"]}]},{\"@type\":\"ImageObject\",\"inLanguage\":\"fr-FR\",\"@id\":\"https:\/\/icvcm.org\/fr\/cadre-devaluation\/#primaryimage\",\"url\":\"https:\/\/icvcm.org\/wp-content\/uploads\/2025\/05\/pexels-taryn-elliott-5859211-scaled.webp\",\"contentUrl\":\"https:\/\/icvcm.org\/wp-content\/uploads\/2025\/05\/pexels-taryn-elliott-5859211-scaled.webp\",\"width\":2560,\"height\":1440,\"caption\":\"Mangroves in Zanzibar, Mjini Magharibi Region, Tanzania\"},{\"@type\":\"BreadcrumbList\",\"@id\":\"https:\/\/icvcm.org\/fr\/cadre-devaluation\/#breadcrumb\",\"itemListElement\":[{\"@type\":\"ListItem\",\"position\":1,\"name\":\"Home\",\"item\":\"https:\/\/icvcm.org\/fr\/\"},{\"@type\":\"ListItem\",\"position\":2,\"name\":\"Cadre d\u2019\u00e9valuation\"}]},{\"@type\":\"WebSite\",\"@id\":\"https:\/\/icvcm.org\/fr\/#website\",\"url\":\"https:\/\/icvcm.org\/fr\/\",\"name\":\"ICVCM New\",\"description\":\"Leading the way to high integrity in the Voluntary Carbon Market\",\"publisher\":{\"@id\":\"https:\/\/icvcm.org\/fr\/#organization\"},\"potentialAction\":[{\"@type\":\"SearchAction\",\"target\":{\"@type\":\"EntryPoint\",\"urlTemplate\":\"https:\/\/icvcm.org\/fr\/?s={search_term_string}\"},\"query-input\":{\"@type\":\"PropertyValueSpecification\",\"valueRequired\":true,\"valueName\":\"search_term_string\"}}],\"inLanguage\":\"fr-FR\"},{\"@type\":\"Organization\",\"@id\":\"https:\/\/icvcm.org\/fr\/#organization\",\"name\":\"ICVCM New\",\"url\":\"https:\/\/icvcm.org\/fr\/\",\"logo\":{\"@type\":\"ImageObject\",\"inLanguage\":\"fr-FR\",\"@id\":\"https:\/\/icvcm.org\/fr\/#\/schema\/logo\/image\/\",\"url\":\"https:\/\/icvcm.org\/wp-content\/uploads\/2024\/01\/icvcm-logo-new.svg\",\"contentUrl\":\"https:\/\/icvcm.org\/wp-content\/uploads\/2024\/01\/icvcm-logo-new.svg\",\"width\":257,\"height\":40,\"caption\":\"ICVCM New\"},\"image\":{\"@id\":\"https:\/\/icvcm.org\/fr\/#\/schema\/logo\/image\/\"}}]}<\/script>\n<!-- \/ Yoast SEO plugin. -->","yoast_head_json":{"title":"Cadre d\u2019\u00e9valuation | ICVCM","description":"Nous \u00e9valuons les programmes de cr\u00e9dit carbone et les cat\u00e9gories de cr\u00e9dits en fonction du cadre d\u2019\u00e9valuation des principes fondamentaux du carbone. Notre cadre d\u2019\u00e9valuation est le livre de r\u00e8gles qui d\u00e9finit ce qu\u2019est un cr\u00e9dit carbone \u00e0 haute int\u00e9grit\u00e9.","robots":{"index":"index","follow":"follow","max-snippet":"max-snippet:-1","max-image-preview":"max-image-preview:large","max-video-preview":"max-video-preview:-1"},"canonical":"https:\/\/icvcm.org\/fr\/cadre-devaluation\/","og_locale":"fr_FR","og_type":"article","og_title":"Cadre d\u2019\u00e9valuation | ICVCM","og_description":"Nous \u00e9valuons les programmes de cr\u00e9dit carbone et les cat\u00e9gories de cr\u00e9dits en fonction du cadre d\u2019\u00e9valuation des principes fondamentaux du carbone. Notre cadre d\u2019\u00e9valuation est le livre de r\u00e8gles qui d\u00e9finit ce qu\u2019est un cr\u00e9dit carbone \u00e0 haute int\u00e9grit\u00e9.","og_url":"https:\/\/icvcm.org\/fr\/cadre-devaluation\/","og_site_name":"ICVCM","article_modified_time":"2026-02-19T09:49:09+00:00","og_image":[{"width":2560,"height":1440,"url":"https:\/\/icvcm.org\/wp-content\/uploads\/2025\/05\/pexels-taryn-elliott-5859211-scaled.webp","type":"image\/webp"}],"twitter_card":"summary_large_image","twitter_misc":{"Dur\u00e9e de lecture estim\u00e9e":"2 minutes"},"schema":{"@context":"https:\/\/schema.org","@graph":[{"@type":"WebPage","@id":"https:\/\/icvcm.org\/fr\/cadre-devaluation\/","url":"https:\/\/icvcm.org\/fr\/cadre-devaluation\/","name":"Cadre d\u2019\u00e9valuation | ICVCM","isPartOf":{"@id":"https:\/\/icvcm.org\/fr\/#website"},"primaryImageOfPage":{"@id":"https:\/\/icvcm.org\/fr\/cadre-devaluation\/#primaryimage"},"image":{"@id":"https:\/\/icvcm.org\/fr\/cadre-devaluation\/#primaryimage"},"thumbnailUrl":"https:\/\/icvcm.org\/wp-content\/uploads\/2025\/05\/pexels-taryn-elliott-5859211-scaled.webp","datePublished":"2024-01-29T13:41:26+00:00","dateModified":"2026-02-19T09:49:09+00:00","description":"Nous \u00e9valuons les programmes de cr\u00e9dit carbone et les cat\u00e9gories de cr\u00e9dits en fonction du cadre d\u2019\u00e9valuation des principes fondamentaux du carbone. Notre cadre d\u2019\u00e9valuation est le livre de r\u00e8gles qui d\u00e9finit ce qu\u2019est un cr\u00e9dit carbone \u00e0 haute int\u00e9grit\u00e9.","breadcrumb":{"@id":"https:\/\/icvcm.org\/fr\/cadre-devaluation\/#breadcrumb"},"inLanguage":"fr-FR","potentialAction":[{"@type":"ReadAction","target":["https:\/\/icvcm.org\/fr\/cadre-devaluation\/"]}]},{"@type":"ImageObject","inLanguage":"fr-FR","@id":"https:\/\/icvcm.org\/fr\/cadre-devaluation\/#primaryimage","url":"https:\/\/icvcm.org\/wp-content\/uploads\/2025\/05\/pexels-taryn-elliott-5859211-scaled.webp","contentUrl":"https:\/\/icvcm.org\/wp-content\/uploads\/2025\/05\/pexels-taryn-elliott-5859211-scaled.webp","width":2560,"height":1440,"caption":"Mangroves in Zanzibar, Mjini Magharibi Region, Tanzania"},{"@type":"BreadcrumbList","@id":"https:\/\/icvcm.org\/fr\/cadre-devaluation\/#breadcrumb","itemListElement":[{"@type":"ListItem","position":1,"name":"Home","item":"https:\/\/icvcm.org\/fr\/"},{"@type":"ListItem","position":2,"name":"Cadre d\u2019\u00e9valuation"}]},{"@type":"WebSite","@id":"https:\/\/icvcm.org\/fr\/#website","url":"https:\/\/icvcm.org\/fr\/","name":"ICVCM New","description":"Leading the way to high integrity in the Voluntary Carbon Market","publisher":{"@id":"https:\/\/icvcm.org\/fr\/#organization"},"potentialAction":[{"@type":"SearchAction","target":{"@type":"EntryPoint","urlTemplate":"https:\/\/icvcm.org\/fr\/?s={search_term_string}"},"query-input":{"@type":"PropertyValueSpecification","valueRequired":true,"valueName":"search_term_string"}}],"inLanguage":"fr-FR"},{"@type":"Organization","@id":"https:\/\/icvcm.org\/fr\/#organization","name":"ICVCM New","url":"https:\/\/icvcm.org\/fr\/","logo":{"@type":"ImageObject","inLanguage":"fr-FR","@id":"https:\/\/icvcm.org\/fr\/#\/schema\/logo\/image\/","url":"https:\/\/icvcm.org\/wp-content\/uploads\/2024\/01\/icvcm-logo-new.svg","contentUrl":"https:\/\/icvcm.org\/wp-content\/uploads\/2024\/01\/icvcm-logo-new.svg","width":257,"height":40,"caption":"ICVCM New"},"image":{"@id":"https:\/\/icvcm.org\/fr\/#\/schema\/logo\/image\/"}}]}},"publishpress_future_action":{"enabled":false,"date":"2026-05-09 07:40:55","action":"change-status","newStatus":"draft","terms":[],"taxonomy":"translation_priority","extraData":[]},"publishpress_future_workflow_manual_trigger":{"enabledWorkflows":[]},"_links":{"self":[{"href":"https:\/\/icvcm.org\/fr\/wp-json\/wp\/v2\/pages\/5584","targetHints":{"allow":["GET"]}}],"collection":[{"href":"https:\/\/icvcm.org\/fr\/wp-json\/wp\/v2\/pages"}],"about":[{"href":"https:\/\/icvcm.org\/fr\/wp-json\/wp\/v2\/types\/page"}],"author":[{"embeddable":true,"href":"https:\/\/icvcm.org\/fr\/wp-json\/wp\/v2\/users\/1"}],"replies":[{"embeddable":true,"href":"https:\/\/icvcm.org\/fr\/wp-json\/wp\/v2\/comments?post=5584"}],"version-history":[{"count":3,"href":"https:\/\/icvcm.org\/fr\/wp-json\/wp\/v2\/pages\/5584\/revisions"}],"predecessor-version":[{"id":16950,"href":"https:\/\/icvcm.org\/fr\/wp-json\/wp\/v2\/pages\/5584\/revisions\/16950"}],"wp:featuredmedia":[{"embeddable":true,"href":"https:\/\/icvcm.org\/fr\/wp-json\/wp\/v2\/media\/11262"}],"wp:attachment":[{"href":"https:\/\/icvcm.org\/fr\/wp-json\/wp\/v2\/media?parent=5584"}],"curies":[{"name":"wp","href":"https:\/\/api.w.org\/{rel}","templated":true}]}}