{"id":11140,"date":"2024-08-02T13:30:53","date_gmt":"2024-08-02T12:30:53","guid":{"rendered":"https:\/\/icvcm.org\/rencontrer-le-forum\/"},"modified":"2026-02-19T09:48:30","modified_gmt":"2026-02-19T09:48:30","slug":"rencontrer-le-forum","status":"publish","type":"page","link":"https:\/\/icvcm.org\/fr\/rencontrer-le-forum\/","title":{"rendered":"Rencontrez le Forum"},"content":{"rendered":"\n<section id=\"hero_block_58c16e8ffb3130d2a2b299c1ec9be850\" class=\"hero relative  bg-navy-500  text-white text-center\">\n\n\t<!-- Block Anchor -->\n\t\n\t<div class=\"container relative\">\n\n\t\t<!-- WPML Translation -->\n\t\t\t\n\t\t\t<div class=\"flex justify-end pt-16 -mb-16 lg:m-0 lg:p-0 lg:absolute lg:right-0 lg:top-[5.5rem]\">\n\t\t\t\t\n<div role=\"navigation\" aria-label=\"S\u00e9lecteur de langue\" class=\"wpml-ls-statics-shortcode_actions wpml-ls wpml-ls-legacy-dropdown-click js-wpml-ls-legacy-dropdown-click\">\n\t<ul>\n\n\t\t<li class=\"wpml-ls-slot-shortcode_actions wpml-ls-item wpml-ls-item-fr wpml-ls-current-language wpml-ls-last-item wpml-ls-item-legacy-dropdown-click\">\n\n\t\t\t<a href=\"#?redirect=true\" hreflang=\"\" lang=\"\" class=\"js-wpml-ls-item-toggle wpml-ls-item-toggle\" aria-expanded=\"false\" aria-controls=\"wpml-ls-submenu-click-default\" aria-haspopup=\"true\" aria-label=\"Language switcher, click to open then tab to navigate\" tabindex=\"0\" role=\"button\" title=\"Passer \u00e0 FR\">\n\t\t\t\t                                    <img decoding=\"async\"\n            class=\"wpml-ls-flag\"\n            src=\"https:\/\/icvcm.org\/?redirect=truewp-content\/plugins\/sitepress-multilingual-cms\/res\/flags\/fr.svg\"\n            alt=\"\"\n            loading=\"lazy\"\n            width=28\n            height=20\n    \/><span class=\"wpml-ls-native\">FR<\/span><\/a>\n\n\t\t\t<ul id=\"wpml-ls-submenu-click-default\" class=\"js-wpml-ls-sub-menu wpml-ls-sub-menu\">\n\t\t\t\t\n\t\t\t\t\t<li class=\"wpml-ls-slot-shortcode_actions wpml-ls-item wpml-ls-item-en wpml-ls-first-item\">\n\t\t\t\t\t\t<a href=\"https:\/\/icvcm.org\/?redirect=true\" hreflang=\"en\" lang=\"en\" class=\"wpml-ls-link\" aria-label=\"Passer \u00e0 EN\" title=\"Passer \u00e0 EN\">\n\t\t\t\t\t\t\t                                    <img decoding=\"async\"\n            class=\"wpml-ls-flag\"\n            src=\"https:\/\/icvcm.org\/?redirect=truewp-content\/plugins\/sitepress-multilingual-cms\/res\/flags\/en.svg\"\n            alt=\"\"\n            loading=\"lazy\"\n            width=28\n            height=20\n    \/><span class=\"wpml-ls-native\">EN<\/span><\/a>\n\t\t\t\t\t<\/li>\n\n\t\t\t\t\n\t\t\t\t\t<li class=\"wpml-ls-slot-shortcode_actions wpml-ls-item wpml-ls-item-pt-pt\">\n\t\t\t\t\t\t<a href=\"https:\/\/icvcm.org\/?redirect=truept-pt\/\" hreflang=\"pt-pt\" lang=\"pt-pt\" class=\"wpml-ls-link\" aria-label=\"Passer \u00e0 PT\" title=\"Passer \u00e0 PT\">\n\t\t\t\t\t\t\t                                    <img decoding=\"async\"\n            class=\"wpml-ls-flag\"\n            src=\"https:\/\/icvcm.org\/?redirect=truewp-content\/plugins\/sitepress-multilingual-cms\/res\/flags\/pt-pt.svg\"\n            alt=\"\"\n            loading=\"lazy\"\n            width=28\n            height=20\n    \/><span class=\"wpml-ls-native\">PT<\/span><\/a>\n\t\t\t\t\t<\/li>\n\n\t\t\t\t\n\t\t\t\t\t<li class=\"wpml-ls-slot-shortcode_actions wpml-ls-item wpml-ls-item-es\">\n\t\t\t\t\t\t<a href=\"https:\/\/icvcm.org\/?redirect=truees\/\" hreflang=\"es\" lang=\"es\" class=\"wpml-ls-link\" aria-label=\"Passer \u00e0 ES\" title=\"Passer \u00e0 ES\">\n\t\t\t\t\t\t\t                                    <img decoding=\"async\"\n            class=\"wpml-ls-flag\"\n            src=\"https:\/\/icvcm.org\/?redirect=truewp-content\/plugins\/sitepress-multilingual-cms\/res\/flags\/es.svg\"\n            alt=\"\"\n            loading=\"lazy\"\n            width=28\n            height=20\n    \/><span class=\"wpml-ls-native\">ES<\/span><\/a>\n\t\t\t\t\t<\/li>\n\n\t\t\t\t\n\t\t\t\t\t<li class=\"wpml-ls-slot-shortcode_actions wpml-ls-item wpml-ls-item-zh-hans\">\n\t\t\t\t\t\t<a href=\"https:\/\/icvcm.org\/?redirect=truezh-hans\/\" hreflang=\"zh-hans\" lang=\"zh-hans\" class=\"wpml-ls-link\" aria-label=\"Passer \u00e0 CN\" title=\"Passer \u00e0 CN\">\n\t\t\t\t\t\t\t                                    <img decoding=\"async\"\n            class=\"wpml-ls-flag\"\n            src=\"https:\/\/icvcm.org\/?redirect=truewp-content\/plugins\/sitepress-multilingual-cms\/res\/flags\/zh-hans.svg\"\n            alt=\"\"\n            loading=\"lazy\"\n            width=28\n            height=20\n    \/><span class=\"wpml-ls-native\">CN<\/span><\/a>\n\t\t\t\t\t<\/li>\n\n\t\t\t\t\t\t\t<\/ul>\n\n\t\t<\/li>\n\n\t<\/ul>\n<\/div>\n\t\t\t<\/div>\n\t\t\n\t\t\t\t\t<div class=\"m-auto max-w-[54.625rem] pt-[5.5rem] pb-[5.5rem]\">\n\t\t\t\t\t\t<!-- Content -->\n\t\t\t\t<div class=\"container \">\n\t\t\t\t\t<div class=\"prose \">\n\n<h1 class=\"wp-block-heading has-large-font-size\">Rencontrer le forum d&rsquo;engagement<\/h1>\n\n\n\n<h2 class=\"wp-block-heading has-medium-font-size\">D\u00e9couvrez les personnes d\u00e9vou\u00e9es qui cherchent \u00e0 garantir que le march\u00e9 volontaire du carbone (MVC) prot\u00e8ge et promeut les droits et les int\u00e9r\u00eats des peuples autochtones et des communaut\u00e9s locales.<\/h2>\n\n<\/div>\n\n\t\t\t\t\t<!-- Video -->\n\t\t\t\t\t\n\t\t\t\t\t<!-- Image -->\n\t\t\t\t\t\t\t\t\t<\/div>\n\t\t\t\t\t<\/div>\n\t\t\t<\/div>\n\n\t<\/section>\n<section id=\"team-members_block_38796a88f399382d03b626d39b9e657c\" class=\"relative inside-container-lg bg-gray-50\">\n\t\t\n\t<div class=\"container\">\n\t\t<div class=\"prose mb-8 max-w-[50rem] mx-auto\">\n\n<h3 class=\"wp-block-heading has-text-align-center has-blue-700-color has-text-color has-link-color wp-elements-eea30dc26d635585045b5cd61c57873e\">Membres du forum<\/h3>\n\n\n\n<p class=\"has-text-align-center\">Le Forum d&rsquo;engagement des peuples autochtones et des communaut\u00e9s locales (le \u00ab\u00a0Forum\u00a0\u00bb) s&rsquo;engage \u00e0 favoriser un environnement inclusif qui promeut et valorise la diversit\u00e9. Il cherche \u00e0 s&rsquo;assurer que le VCM prot\u00e8ge et renforce les droits de l&rsquo;homme.   <\/p>\n\n<\/div>\n\n\t\t\n\n<div class=\"grid gap-6 grid-cols-1 lg:grid-cols-4\">\n    \n<div>\n\t<a href=\"https:\/\/icvcm.org\/fr\/team-member\/onel-masardule\/\" class=\"group flex flex-col items-center text-center gap-2 p-6\">\n\t\t<div class=\"overflow-hidden bg-gray-500 text-gray-700 h-[9.375rem] w-[9.375rem] rounded-full\">\n\t\t\t<div class=\"transition-all transform group-hover:scale-105 \">\n\t\t\t\t<img loading=\"lazy\" decoding=\"async\" width=\"200\" height=\"300\" src=\"https:\/\/icvcm.org\/wp-content\/uploads\/2024\/07\/gp4rpacldaya7zmj193m-200x300.webp\" class=\"attachment-medium size-medium attachment-medium size-medium wp-post-image h-[9.375rem] object-cover wp-post-image\" alt=\"\" srcset=\"https:\/\/icvcm.org\/wp-content\/uploads\/2024\/07\/gp4rpacldaya7zmj193m-200x300.webp 200w, https:\/\/icvcm.org\/wp-content\/uploads\/2024\/07\/gp4rpacldaya7zmj193m-683x1024.webp 683w, https:\/\/icvcm.org\/wp-content\/uploads\/2024\/07\/gp4rpacldaya7zmj193m-768x1152.webp 768w, https:\/\/icvcm.org\/wp-content\/uploads\/2024\/07\/gp4rpacldaya7zmj193m-1024x1536.webp 1024w, https:\/\/icvcm.org\/wp-content\/uploads\/2024\/07\/gp4rpacldaya7zmj193m-1365x2048.webp 1365w, https:\/\/icvcm.org\/wp-content\/uploads\/2024\/07\/gp4rpacldaya7zmj193m-scaled.webp 1707w\" sizes=\"auto, (max-width: 200px) 100vw, 200px\" \/>\t\t\t<\/div>\n\t\t<\/div>\n\n\t\t\n\t\t<div class=\"prose mt-4\">\n\t\t\t<h2 class=\"font-bold text-heading-sm\">\n\t\t\t\tOnel Masardule\t\t\t<\/h2>\n\n\t\t\t<p class=\"font-medium\">\n\t\t\t\tForum Co-Chair &#8211; Latin America Regional Seat\t\t\t<\/p>\n\t\t<\/div>\n\t<\/a>\n\n\t<\/div>\n<div>\n\t<a href=\"https:\/\/icvcm.org\/fr\/team-member\/diel-mochire-mwenge\/\" class=\"group flex flex-col items-center text-center gap-2 p-6\">\n\t\t<div class=\"overflow-hidden bg-gray-500 text-gray-700 h-[9.375rem] w-[9.375rem] rounded-full\">\n\t\t\t<div class=\"transition-all transform group-hover:scale-105 \">\n\t\t\t\t<img loading=\"lazy\" decoding=\"async\" width=\"200\" height=\"300\" src=\"https:\/\/icvcm.org\/wp-content\/uploads\/2024\/07\/Diel-Mochire-Mwenge-1-200x300.webp\" class=\"attachment-medium size-medium attachment-medium size-medium wp-post-image h-[9.375rem] object-cover wp-post-image\" alt=\"\" srcset=\"https:\/\/icvcm.org\/wp-content\/uploads\/2024\/07\/Diel-Mochire-Mwenge-1-200x300.webp 200w, https:\/\/icvcm.org\/wp-content\/uploads\/2024\/07\/Diel-Mochire-Mwenge-1-683x1024.webp 683w, https:\/\/icvcm.org\/wp-content\/uploads\/2024\/07\/Diel-Mochire-Mwenge-1-768x1152.webp 768w, https:\/\/icvcm.org\/wp-content\/uploads\/2024\/07\/Diel-Mochire-Mwenge-1-1024x1536.webp 1024w, https:\/\/icvcm.org\/wp-content\/uploads\/2024\/07\/Diel-Mochire-Mwenge-1-1365x2048.webp 1365w, https:\/\/icvcm.org\/wp-content\/uploads\/2024\/07\/Diel-Mochire-Mwenge-1-scaled.webp 1707w\" sizes=\"auto, (max-width: 200px) 100vw, 200px\" \/>\t\t\t<\/div>\n\t\t<\/div>\n\n\t\t\n\t\t<div class=\"prose mt-4\">\n\t\t\t<h2 class=\"font-bold text-heading-sm\">\n\t\t\t\tDiel Mochire Mwenge\t\t\t<\/h2>\n\n\t\t\t<p class=\"font-medium\">\n\t\t\t\tForum Co-Chair &#8211; Africa Regional Seat\t\t\t<\/p>\n\t\t<\/div>\n\t<\/a>\n\n\t<\/div>\n<div>\n\t<a href=\"https:\/\/icvcm.org\/fr\/team-member\/mamta-lama\/\" class=\"group flex flex-col items-center text-center gap-2 p-6\">\n\t\t<div class=\"overflow-hidden bg-gray-500 text-gray-700 h-[9.375rem] w-[9.375rem] rounded-full\">\n\t\t\t<div class=\"transition-all transform group-hover:scale-105 \">\n\t\t\t\t<img loading=\"lazy\" decoding=\"async\" width=\"200\" height=\"300\" src=\"https:\/\/icvcm.org\/wp-content\/uploads\/2024\/07\/o6h4qphoxwiqf52vibps-200x300.webp\" class=\"attachment-medium size-medium attachment-medium size-medium wp-post-image h-[9.375rem] object-cover wp-post-image\" alt=\"\" srcset=\"https:\/\/icvcm.org\/wp-content\/uploads\/2024\/07\/o6h4qphoxwiqf52vibps-200x300.webp 200w, https:\/\/icvcm.org\/wp-content\/uploads\/2024\/07\/o6h4qphoxwiqf52vibps-683x1024.webp 683w, https:\/\/icvcm.org\/wp-content\/uploads\/2024\/07\/o6h4qphoxwiqf52vibps-768x1152.webp 768w, https:\/\/icvcm.org\/wp-content\/uploads\/2024\/07\/o6h4qphoxwiqf52vibps-1024x1536.webp 1024w, https:\/\/icvcm.org\/wp-content\/uploads\/2024\/07\/o6h4qphoxwiqf52vibps-1365x2048.webp 1365w, https:\/\/icvcm.org\/wp-content\/uploads\/2024\/07\/o6h4qphoxwiqf52vibps-scaled.webp 1707w\" sizes=\"auto, (max-width: 200px) 100vw, 200px\" \/>\t\t\t<\/div>\n\t\t<\/div>\n\n\t\t\n\t\t<div class=\"prose mt-4\">\n\t\t\t<h2 class=\"font-bold text-heading-sm\">\n\t\t\t\tMamta Lama\t\t\t<\/h2>\n\n\t\t\t<p class=\"font-medium\">\n\t\t\t\tForum Member &#8211; Asia Regional Seat\t\t\t<\/p>\n\t\t<\/div>\n\t<\/a>\n\n\t<\/div>\n<div>\n\t<a href=\"https:\/\/icvcm.org\/fr\/team-member\/jagat-bahadur-baram\/\" class=\"group flex flex-col items-center text-center gap-2 p-6\">\n\t\t<div class=\"overflow-hidden bg-gray-500 text-gray-700 h-[9.375rem] w-[9.375rem] rounded-full\">\n\t\t\t<div class=\"transition-all transform group-hover:scale-105 \">\n\t\t\t\t<img loading=\"lazy\" decoding=\"async\" width=\"200\" height=\"300\" src=\"https:\/\/icvcm.org\/wp-content\/uploads\/2024\/07\/Jagat-Baram-2-200x300.webp\" class=\"attachment-medium size-medium attachment-medium size-medium wp-post-image h-[9.375rem] object-cover wp-post-image\" alt=\"\" srcset=\"https:\/\/icvcm.org\/wp-content\/uploads\/2024\/07\/Jagat-Baram-2-200x300.webp 200w, https:\/\/icvcm.org\/wp-content\/uploads\/2024\/07\/Jagat-Baram-2-683x1024.webp 683w, https:\/\/icvcm.org\/wp-content\/uploads\/2024\/07\/Jagat-Baram-2-768x1152.webp 768w, https:\/\/icvcm.org\/wp-content\/uploads\/2024\/07\/Jagat-Baram-2-1024x1536.webp 1024w, https:\/\/icvcm.org\/wp-content\/uploads\/2024\/07\/Jagat-Baram-2-1365x2048.webp 1365w, https:\/\/icvcm.org\/wp-content\/uploads\/2024\/07\/Jagat-Baram-2-scaled.webp 1707w\" sizes=\"auto, (max-width: 200px) 100vw, 200px\" \/>\t\t\t<\/div>\n\t\t<\/div>\n\n\t\t\n\t\t<div class=\"prose mt-4\">\n\t\t\t<h2 class=\"font-bold text-heading-sm\">\n\t\t\t\tJagat Bahadur Baram\t\t\t<\/h2>\n\n\t\t\t<p class=\"font-medium\">\n\t\t\t\tForum Member &#8211; Asia Regional Seat\t\t\t<\/p>\n\t\t<\/div>\n\t<\/a>\n\n\t<\/div>\n<div>\n\t<a href=\"https:\/\/icvcm.org\/fr\/team-member\/dawn-katovai\/\" class=\"group flex flex-col items-center text-center gap-2 p-6\">\n\t\t<div class=\"overflow-hidden bg-gray-500 text-gray-700 h-[9.375rem] w-[9.375rem] rounded-full\">\n\t\t\t<div class=\"transition-all transform group-hover:scale-105 \">\n\t\t\t\t<img loading=\"lazy\" decoding=\"async\" width=\"200\" height=\"300\" src=\"https:\/\/icvcm.org\/wp-content\/uploads\/2024\/07\/Dawnie-Daphne-Katovai-1-200x300.webp\" class=\"attachment-medium size-medium attachment-medium size-medium wp-post-image h-[9.375rem] object-cover wp-post-image\" alt=\"\" srcset=\"https:\/\/icvcm.org\/wp-content\/uploads\/2024\/07\/Dawnie-Daphne-Katovai-1-200x300.webp 200w, https:\/\/icvcm.org\/wp-content\/uploads\/2024\/07\/Dawnie-Daphne-Katovai-1-683x1024.webp 683w, https:\/\/icvcm.org\/wp-content\/uploads\/2024\/07\/Dawnie-Daphne-Katovai-1-768x1152.webp 768w, https:\/\/icvcm.org\/wp-content\/uploads\/2024\/07\/Dawnie-Daphne-Katovai-1-1024x1536.webp 1024w, https:\/\/icvcm.org\/wp-content\/uploads\/2024\/07\/Dawnie-Daphne-Katovai-1-1365x2048.webp 1365w, https:\/\/icvcm.org\/wp-content\/uploads\/2024\/07\/Dawnie-Daphne-Katovai-1-scaled.webp 1707w\" sizes=\"auto, (max-width: 200px) 100vw, 200px\" \/>\t\t\t<\/div>\n\t\t<\/div>\n\n\t\t\n\t\t<div class=\"prose mt-4\">\n\t\t\t<h2 class=\"font-bold text-heading-sm\">\n\t\t\t\tDawn Katovai\t\t\t<\/h2>\n\n\t\t\t<p class=\"font-medium\">\n\t\t\t\tForum Member &#8211; Oceania Regional Seat\t\t\t<\/p>\n\t\t<\/div>\n\t<\/a>\n\n\t<\/div>\n<div>\n\t<a href=\"https:\/\/icvcm.org\/fr\/team-member\/fermin-chimatani-tayori\/\" class=\"group flex flex-col items-center text-center gap-2 p-6\">\n\t\t<div class=\"overflow-hidden bg-gray-500 text-gray-700 h-[9.375rem] w-[9.375rem] rounded-full\">\n\t\t\t<div class=\"transition-all transform group-hover:scale-105 \">\n\t\t\t\t<img loading=\"lazy\" decoding=\"async\" width=\"205\" height=\"300\" src=\"https:\/\/icvcm.org\/wp-content\/uploads\/2024\/07\/Fermin-Chimatani-Photo-205x300.jpg\" class=\"attachment-medium size-medium attachment-medium size-medium wp-post-image h-[9.375rem] object-cover wp-post-image\" alt=\"\" srcset=\"https:\/\/icvcm.org\/wp-content\/uploads\/2024\/07\/Fermin-Chimatani-Photo-205x300.jpg 205w, https:\/\/icvcm.org\/wp-content\/uploads\/2024\/07\/Fermin-Chimatani-Photo-699x1024.jpg 699w, https:\/\/icvcm.org\/wp-content\/uploads\/2024\/07\/Fermin-Chimatani-Photo-768x1125.jpg 768w, https:\/\/icvcm.org\/wp-content\/uploads\/2024\/07\/Fermin-Chimatani-Photo.jpg 983w\" sizes=\"auto, (max-width: 205px) 100vw, 205px\" \/>\t\t\t<\/div>\n\t\t<\/div>\n\n\t\t\n\t\t<div class=\"prose mt-4\">\n\t\t\t<h2 class=\"font-bold text-heading-sm\">\n\t\t\t\tFermin Chimatani Tayori\t\t\t<\/h2>\n\n\t\t\t<p class=\"font-medium\">\n\t\t\t\tForum Member &#8211; Latin America Regional Seat\t\t\t<\/p>\n\t\t<\/div>\n\t<\/a>\n\n\t<\/div>\n<div>\n\t<a href=\"https:\/\/icvcm.org\/fr\/team-member\/leighton-gall-3\/\" class=\"group flex flex-col items-center text-center gap-2 p-6\">\n\t\t<div class=\"overflow-hidden bg-gray-500 text-gray-700 h-[9.375rem] w-[9.375rem] rounded-full\">\n\t\t\t<div class=\"transition-all transform group-hover:scale-105 \">\n\t\t\t\t<img loading=\"lazy\" decoding=\"async\" width=\"200\" height=\"300\" src=\"https:\/\/icvcm.org\/wp-content\/uploads\/2024\/07\/Leighton-Gall-2-200x300.webp\" class=\"attachment-medium size-medium attachment-medium size-medium wp-post-image h-[9.375rem] object-cover wp-post-image\" alt=\"\" srcset=\"https:\/\/icvcm.org\/wp-content\/uploads\/2024\/07\/Leighton-Gall-2-200x300.webp 200w, https:\/\/icvcm.org\/wp-content\/uploads\/2024\/07\/Leighton-Gall-2-683x1024.webp 683w, https:\/\/icvcm.org\/wp-content\/uploads\/2024\/07\/Leighton-Gall-2-768x1152.webp 768w, https:\/\/icvcm.org\/wp-content\/uploads\/2024\/07\/Leighton-Gall-2-1024x1536.webp 1024w, https:\/\/icvcm.org\/wp-content\/uploads\/2024\/07\/Leighton-Gall-2-1365x2048.webp 1365w, https:\/\/icvcm.org\/wp-content\/uploads\/2024\/07\/Leighton-Gall-2-scaled.webp 1707w\" sizes=\"auto, (max-width: 200px) 100vw, 200px\" \/>\t\t\t<\/div>\n\t\t<\/div>\n\n\t\t\n\t\t<div class=\"prose mt-4\">\n\t\t\t<h2 class=\"font-bold text-heading-sm\">\n\t\t\t\tLeighton Gall\t\t\t<\/h2>\n\n\t\t\t<p class=\"font-medium\">\n\t\t\t\tForum Member &#8211; Northern Regional Seat\t\t\t<\/p>\n\t\t<\/div>\n\t<\/a>\n\n\t<\/div><\/div>\n\n\n\n\t<\/div>\n<\/section><section id=\"prose-container_block_8311bb0feedc1ed56f5460b952bb0905\" class=\"inside-container-lg  relative overflow-hidden\">\n\t<div class=\"relative container\">\n\t\t\t\t<div class=\"prose m-auto w-full max-w-[50rem] z-10 relative \t\t\t\t\t\t\t\t\t\">\n\n<p class=\"has-text-align-center\">&#8212;&#8212;&#8212;&#8212;-<\/p>\n\n\n\n<p><em>Le Conseil de l&rsquo;int\u00e9grit\u00e9 reconna\u00eet que les peuples autochtones et les communaut\u00e9s locales sont des peuples diff\u00e9rents et distincts, dot\u00e9s de droits et d&rsquo;int\u00e9r\u00eats sp\u00e9cifiques, tels qu&rsquo;ils sont exprim\u00e9s dans les instruments internationaux et nationaux, ainsi que dans les lois traditionnelles.  <\/em><\/p>\n\n<\/div>\n\t<\/div>\n<\/section>\n<p><\/p>\n","protected":false},"excerpt":{"rendered":"","protected":false},"author":9,"featured_media":5702,"parent":0,"menu_order":0,"comment_status":"closed","ping_status":"closed","template":"","meta":{"_acf_changed":false,"footnotes":""},"class_list":["post-11140","page","type-page","status-publish","has-post-thumbnail","hentry"],"acf":[],"yoast_head":"<!-- This site is optimized with the Yoast SEO plugin v26.9 - https:\/\/yoast.com\/product\/yoast-seo-wordpress\/ -->\n<title>Forum d&#039;engagement - ICVCM<\/title>\n<meta name=\"description\" content=\"D\u00e9couvrez les personnes d\u00e9vou\u00e9es qui veillent \u00e0 ce que le VCM prot\u00e8ge et promeuve les droits et les int\u00e9r\u00eats des PA et des CL.\" \/>\n<meta name=\"robots\" content=\"index, follow, max-snippet:-1, max-image-preview:large, max-video-preview:-1\" \/>\n<link rel=\"canonical\" href=\"https:\/\/icvcm.org\/fr\/rencontrer-le-forum\/\" \/>\n<meta property=\"og:locale\" content=\"fr_FR\" \/>\n<meta property=\"og:type\" content=\"article\" \/>\n<meta property=\"og:title\" content=\"Forum d&#039;engagement - ICVCM\" \/>\n<meta property=\"og:description\" content=\"D\u00e9couvrez les personnes d\u00e9vou\u00e9es qui veillent \u00e0 ce que le VCM prot\u00e8ge et promeuve les droits et les int\u00e9r\u00eats des PA et des CL.\" \/>\n<meta property=\"og:url\" content=\"https:\/\/icvcm.org\/fr\/rencontrer-le-forum\/\" \/>\n<meta property=\"og:site_name\" content=\"ICVCM\" \/>\n<meta property=\"article:modified_time\" content=\"2026-02-19T09:48:30+00:00\" \/>\n<meta property=\"og:image\" content=\"https:\/\/icvcm.org\/wp-content\/uploads\/2024\/07\/pexels-juanjo-fuster-1416640-2769452.webp\" \/>\n\t<meta property=\"og:image:width\" content=\"1200\" \/>\n\t<meta property=\"og:image:height\" content=\"900\" \/>\n\t<meta property=\"og:image:type\" content=\"image\/webp\" \/>\n<meta name=\"twitter:card\" content=\"summary_large_image\" \/>\n<meta name=\"twitter:label1\" content=\"Dur\u00e9e de lecture estim\u00e9e\" \/>\n\t<meta name=\"twitter:data1\" content=\"1 minute\" \/>\n<script type=\"application\/ld+json\" class=\"yoast-schema-graph\">{\"@context\":\"https:\/\/schema.org\",\"@graph\":[{\"@type\":\"WebPage\",\"@id\":\"https:\/\/icvcm.org\/fr\/rencontrer-le-forum\/\",\"url\":\"https:\/\/icvcm.org\/fr\/rencontrer-le-forum\/\",\"name\":\"Forum d'engagement - ICVCM\",\"isPartOf\":{\"@id\":\"https:\/\/icvcm.org\/fr\/#website\"},\"primaryImageOfPage\":{\"@id\":\"https:\/\/icvcm.org\/fr\/rencontrer-le-forum\/#primaryimage\"},\"image\":{\"@id\":\"https:\/\/icvcm.org\/fr\/rencontrer-le-forum\/#primaryimage\"},\"thumbnailUrl\":\"https:\/\/icvcm.org\/wp-content\/uploads\/2024\/07\/pexels-juanjo-fuster-1416640-2769452.webp\",\"datePublished\":\"2024-08-02T12:30:53+00:00\",\"dateModified\":\"2026-02-19T09:48:30+00:00\",\"description\":\"D\u00e9couvrez les personnes d\u00e9vou\u00e9es qui veillent \u00e0 ce que le VCM prot\u00e8ge et promeuve les droits et les int\u00e9r\u00eats des PA et des CL.\",\"breadcrumb\":{\"@id\":\"https:\/\/icvcm.org\/fr\/rencontrer-le-forum\/#breadcrumb\"},\"inLanguage\":\"fr-FR\",\"potentialAction\":[{\"@type\":\"ReadAction\",\"target\":[\"https:\/\/icvcm.org\/fr\/rencontrer-le-forum\/\"]}]},{\"@type\":\"ImageObject\",\"inLanguage\":\"fr-FR\",\"@id\":\"https:\/\/icvcm.org\/fr\/rencontrer-le-forum\/#primaryimage\",\"url\":\"https:\/\/icvcm.org\/wp-content\/uploads\/2024\/07\/pexels-juanjo-fuster-1416640-2769452.webp\",\"contentUrl\":\"https:\/\/icvcm.org\/wp-content\/uploads\/2024\/07\/pexels-juanjo-fuster-1416640-2769452.webp\",\"width\":1200,\"height\":900,\"caption\":\"Scenic landscape with green meadows, coniferous trees, rolling hills, and distant mountains under a clear blue sky.\"},{\"@type\":\"BreadcrumbList\",\"@id\":\"https:\/\/icvcm.org\/fr\/rencontrer-le-forum\/#breadcrumb\",\"itemListElement\":[{\"@type\":\"ListItem\",\"position\":1,\"name\":\"Home\",\"item\":\"https:\/\/icvcm.org\/fr\/\"},{\"@type\":\"ListItem\",\"position\":2,\"name\":\"Rencontrez le Forum\"}]},{\"@type\":\"WebSite\",\"@id\":\"https:\/\/icvcm.org\/fr\/#website\",\"url\":\"https:\/\/icvcm.org\/fr\/\",\"name\":\"ICVCM New\",\"description\":\"Leading the way to high integrity in the Voluntary Carbon Market\",\"publisher\":{\"@id\":\"https:\/\/icvcm.org\/fr\/#organization\"},\"potentialAction\":[{\"@type\":\"SearchAction\",\"target\":{\"@type\":\"EntryPoint\",\"urlTemplate\":\"https:\/\/icvcm.org\/fr\/?s={search_term_string}\"},\"query-input\":{\"@type\":\"PropertyValueSpecification\",\"valueRequired\":true,\"valueName\":\"search_term_string\"}}],\"inLanguage\":\"fr-FR\"},{\"@type\":\"Organization\",\"@id\":\"https:\/\/icvcm.org\/fr\/#organization\",\"name\":\"ICVCM New\",\"url\":\"https:\/\/icvcm.org\/fr\/\",\"logo\":{\"@type\":\"ImageObject\",\"inLanguage\":\"fr-FR\",\"@id\":\"https:\/\/icvcm.org\/fr\/#\/schema\/logo\/image\/\",\"url\":\"https:\/\/icvcm.org\/wp-content\/uploads\/2024\/01\/icvcm-logo-new.svg\",\"contentUrl\":\"https:\/\/icvcm.org\/wp-content\/uploads\/2024\/01\/icvcm-logo-new.svg\",\"width\":257,\"height\":40,\"caption\":\"ICVCM New\"},\"image\":{\"@id\":\"https:\/\/icvcm.org\/fr\/#\/schema\/logo\/image\/\"}}]}<\/script>\n<!-- \/ Yoast SEO plugin. -->","yoast_head_json":{"title":"Forum d'engagement - ICVCM","description":"D\u00e9couvrez les personnes d\u00e9vou\u00e9es qui veillent \u00e0 ce que le VCM prot\u00e8ge et promeuve les droits et les int\u00e9r\u00eats des PA et des CL.","robots":{"index":"index","follow":"follow","max-snippet":"max-snippet:-1","max-image-preview":"max-image-preview:large","max-video-preview":"max-video-preview:-1"},"canonical":"https:\/\/icvcm.org\/fr\/rencontrer-le-forum\/","og_locale":"fr_FR","og_type":"article","og_title":"Forum d'engagement - ICVCM","og_description":"D\u00e9couvrez les personnes d\u00e9vou\u00e9es qui veillent \u00e0 ce que le VCM prot\u00e8ge et promeuve les droits et les int\u00e9r\u00eats des PA et des CL.","og_url":"https:\/\/icvcm.org\/fr\/rencontrer-le-forum\/","og_site_name":"ICVCM","article_modified_time":"2026-02-19T09:48:30+00:00","og_image":[{"width":1200,"height":900,"url":"https:\/\/icvcm.org\/wp-content\/uploads\/2024\/07\/pexels-juanjo-fuster-1416640-2769452.webp","type":"image\/webp"}],"twitter_card":"summary_large_image","twitter_misc":{"Dur\u00e9e de lecture estim\u00e9e":"1 minute"},"schema":{"@context":"https:\/\/schema.org","@graph":[{"@type":"WebPage","@id":"https:\/\/icvcm.org\/fr\/rencontrer-le-forum\/","url":"https:\/\/icvcm.org\/fr\/rencontrer-le-forum\/","name":"Forum d'engagement - ICVCM","isPartOf":{"@id":"https:\/\/icvcm.org\/fr\/#website"},"primaryImageOfPage":{"@id":"https:\/\/icvcm.org\/fr\/rencontrer-le-forum\/#primaryimage"},"image":{"@id":"https:\/\/icvcm.org\/fr\/rencontrer-le-forum\/#primaryimage"},"thumbnailUrl":"https:\/\/icvcm.org\/wp-content\/uploads\/2024\/07\/pexels-juanjo-fuster-1416640-2769452.webp","datePublished":"2024-08-02T12:30:53+00:00","dateModified":"2026-02-19T09:48:30+00:00","description":"D\u00e9couvrez les personnes d\u00e9vou\u00e9es qui veillent \u00e0 ce que le VCM prot\u00e8ge et promeuve les droits et les int\u00e9r\u00eats des PA et des CL.","breadcrumb":{"@id":"https:\/\/icvcm.org\/fr\/rencontrer-le-forum\/#breadcrumb"},"inLanguage":"fr-FR","potentialAction":[{"@type":"ReadAction","target":["https:\/\/icvcm.org\/fr\/rencontrer-le-forum\/"]}]},{"@type":"ImageObject","inLanguage":"fr-FR","@id":"https:\/\/icvcm.org\/fr\/rencontrer-le-forum\/#primaryimage","url":"https:\/\/icvcm.org\/wp-content\/uploads\/2024\/07\/pexels-juanjo-fuster-1416640-2769452.webp","contentUrl":"https:\/\/icvcm.org\/wp-content\/uploads\/2024\/07\/pexels-juanjo-fuster-1416640-2769452.webp","width":1200,"height":900,"caption":"Scenic landscape with green meadows, coniferous trees, rolling hills, and distant mountains under a clear blue sky."},{"@type":"BreadcrumbList","@id":"https:\/\/icvcm.org\/fr\/rencontrer-le-forum\/#breadcrumb","itemListElement":[{"@type":"ListItem","position":1,"name":"Home","item":"https:\/\/icvcm.org\/fr\/"},{"@type":"ListItem","position":2,"name":"Rencontrez le Forum"}]},{"@type":"WebSite","@id":"https:\/\/icvcm.org\/fr\/#website","url":"https:\/\/icvcm.org\/fr\/","name":"ICVCM New","description":"Leading the way to high integrity in the Voluntary Carbon Market","publisher":{"@id":"https:\/\/icvcm.org\/fr\/#organization"},"potentialAction":[{"@type":"SearchAction","target":{"@type":"EntryPoint","urlTemplate":"https:\/\/icvcm.org\/fr\/?s={search_term_string}"},"query-input":{"@type":"PropertyValueSpecification","valueRequired":true,"valueName":"search_term_string"}}],"inLanguage":"fr-FR"},{"@type":"Organization","@id":"https:\/\/icvcm.org\/fr\/#organization","name":"ICVCM New","url":"https:\/\/icvcm.org\/fr\/","logo":{"@type":"ImageObject","inLanguage":"fr-FR","@id":"https:\/\/icvcm.org\/fr\/#\/schema\/logo\/image\/","url":"https:\/\/icvcm.org\/wp-content\/uploads\/2024\/01\/icvcm-logo-new.svg","contentUrl":"https:\/\/icvcm.org\/wp-content\/uploads\/2024\/01\/icvcm-logo-new.svg","width":257,"height":40,"caption":"ICVCM New"},"image":{"@id":"https:\/\/icvcm.org\/fr\/#\/schema\/logo\/image\/"}}]}},"publishpress_future_action":{"enabled":false,"date":"2026-04-26 14:00:29","action":"change-status","newStatus":"draft","terms":[],"taxonomy":"translation_priority","extraData":[]},"publishpress_future_workflow_manual_trigger":{"enabledWorkflows":[]},"_links":{"self":[{"href":"https:\/\/icvcm.org\/fr\/wp-json\/wp\/v2\/pages\/11140","targetHints":{"allow":["GET"]}}],"collection":[{"href":"https:\/\/icvcm.org\/fr\/wp-json\/wp\/v2\/pages"}],"about":[{"href":"https:\/\/icvcm.org\/fr\/wp-json\/wp\/v2\/types\/page"}],"author":[{"embeddable":true,"href":"https:\/\/icvcm.org\/fr\/wp-json\/wp\/v2\/users\/9"}],"replies":[{"embeddable":true,"href":"https:\/\/icvcm.org\/fr\/wp-json\/wp\/v2\/comments?post=11140"}],"version-history":[{"count":3,"href":"https:\/\/icvcm.org\/fr\/wp-json\/wp\/v2\/pages\/11140\/revisions"}],"predecessor-version":[{"id":16939,"href":"https:\/\/icvcm.org\/fr\/wp-json\/wp\/v2\/pages\/11140\/revisions\/16939"}],"wp:featuredmedia":[{"embeddable":true,"href":"https:\/\/icvcm.org\/fr\/wp-json\/wp\/v2\/media\/5702"}],"wp:attachment":[{"href":"https:\/\/icvcm.org\/fr\/wp-json\/wp\/v2\/media?parent=11140"}],"curies":[{"name":"wp","href":"https:\/\/api.w.org\/{rel}","templated":true}]}}