{"id":5626,"date":"2024-01-29T11:22:44","date_gmt":"2024-01-29T11:22:44","guid":{"rendered":"https:\/\/icvcm.org\/nuestro-trabajo-con-pueblos-indigenas-y-comunidades-locales\/"},"modified":"2026-02-19T09:46:45","modified_gmt":"2026-02-19T09:46:45","slug":"nuestro-trabajo-con-pueblos-indigenas-y-comunidades-locales","status":"publish","type":"page","link":"https:\/\/icvcm.org\/es\/nuestro-trabajo-con-pueblos-indigenas-y-comunidades-locales\/","title":{"rendered":"Nuestro trabajo con Pueblos Ind\u00edgenas y Comunidades Locales"},"content":{"rendered":"\n<section id=\"hero_block_40ad36799c70c11cf23e79ff2674c030\" class=\"hero relative  bg-navy-500  text-white text-center\">\n\n\t<!-- Block Anchor -->\n\t\n\t<div class=\"container relative\">\n\n\t\t<!-- WPML Translation -->\n\t\t\t\n\t\t\t<div class=\"flex justify-end pt-16 -mb-16 lg:m-0 lg:p-0 lg:absolute lg:right-0 lg:top-[5.5rem]\">\n\t\t\t\t\n<div role=\"navigation\" aria-label=\"Selector de idioma\" class=\"wpml-ls-statics-shortcode_actions wpml-ls wpml-ls-legacy-dropdown-click js-wpml-ls-legacy-dropdown-click\">\n\t<ul>\n\n\t\t<li class=\"wpml-ls-slot-shortcode_actions wpml-ls-item wpml-ls-item-es wpml-ls-current-language wpml-ls-item-legacy-dropdown-click\">\n\n\t\t\t<a href=\"#?redirect=true\" hreflang=\"\" lang=\"\" class=\"js-wpml-ls-item-toggle wpml-ls-item-toggle\" aria-expanded=\"false\" aria-controls=\"wpml-ls-submenu-click-default\" aria-haspopup=\"true\" aria-label=\"Language switcher, click to open then tab to navigate\" tabindex=\"0\" role=\"button\" title=\"Cambiar a ES\">\n\t\t\t\t                                    <img decoding=\"async\"\n            class=\"wpml-ls-flag\"\n            src=\"https:\/\/icvcm.org\/?redirect=truewp-content\/plugins\/sitepress-multilingual-cms\/res\/flags\/es.svg\"\n            alt=\"\"\n            loading=\"lazy\"\n            width=28\n            height=20\n    \/><span class=\"wpml-ls-native\">ES<\/span><\/a>\n\n\t\t\t<ul id=\"wpml-ls-submenu-click-default\" class=\"js-wpml-ls-sub-menu wpml-ls-sub-menu\">\n\t\t\t\t\n\t\t\t\t\t<li class=\"wpml-ls-slot-shortcode_actions wpml-ls-item wpml-ls-item-en wpml-ls-first-item\">\n\t\t\t\t\t\t<a href=\"https:\/\/icvcm.org\/?redirect=true\" hreflang=\"en\" lang=\"en\" class=\"wpml-ls-link\" aria-label=\"Cambiar a EN\" title=\"Cambiar a EN\">\n\t\t\t\t\t\t\t                                    <img decoding=\"async\"\n            class=\"wpml-ls-flag\"\n            src=\"https:\/\/icvcm.org\/?redirect=truewp-content\/plugins\/sitepress-multilingual-cms\/res\/flags\/en.svg\"\n            alt=\"\"\n            loading=\"lazy\"\n            width=28\n            height=20\n    \/><span class=\"wpml-ls-native\">EN<\/span><\/a>\n\t\t\t\t\t<\/li>\n\n\t\t\t\t\n\t\t\t\t\t<li class=\"wpml-ls-slot-shortcode_actions wpml-ls-item wpml-ls-item-pt-pt\">\n\t\t\t\t\t\t<a href=\"https:\/\/icvcm.org\/?redirect=truept-pt\/\" hreflang=\"pt-pt\" lang=\"pt-pt\" class=\"wpml-ls-link\" aria-label=\"Cambiar a PT\" title=\"Cambiar a PT\">\n\t\t\t\t\t\t\t                                    <img decoding=\"async\"\n            class=\"wpml-ls-flag\"\n            src=\"https:\/\/icvcm.org\/?redirect=truewp-content\/plugins\/sitepress-multilingual-cms\/res\/flags\/pt-pt.svg\"\n            alt=\"\"\n            loading=\"lazy\"\n            width=28\n            height=20\n    \/><span class=\"wpml-ls-native\">PT<\/span><\/a>\n\t\t\t\t\t<\/li>\n\n\t\t\t\t\n\t\t\t\t\t<li class=\"wpml-ls-slot-shortcode_actions wpml-ls-item wpml-ls-item-zh-hans\">\n\t\t\t\t\t\t<a href=\"https:\/\/icvcm.org\/?redirect=truezh-hans\/\" hreflang=\"zh-hans\" lang=\"zh-hans\" class=\"wpml-ls-link\" aria-label=\"Cambiar a CN\" title=\"Cambiar a CN\">\n\t\t\t\t\t\t\t                                    <img decoding=\"async\"\n            class=\"wpml-ls-flag\"\n            src=\"https:\/\/icvcm.org\/?redirect=truewp-content\/plugins\/sitepress-multilingual-cms\/res\/flags\/zh-hans.svg\"\n            alt=\"\"\n            loading=\"lazy\"\n            width=28\n            height=20\n    \/><span class=\"wpml-ls-native\">CN<\/span><\/a>\n\t\t\t\t\t<\/li>\n\n\t\t\t\t\n\t\t\t\t\t<li class=\"wpml-ls-slot-shortcode_actions wpml-ls-item wpml-ls-item-fr wpml-ls-last-item\">\n\t\t\t\t\t\t<a href=\"https:\/\/icvcm.org\/?redirect=truefr\/\" hreflang=\"fr\" lang=\"fr\" class=\"wpml-ls-link\" aria-label=\"Cambiar a FR\" title=\"Cambiar a FR\">\n\t\t\t\t\t\t\t                                    <img decoding=\"async\"\n            class=\"wpml-ls-flag\"\n            src=\"https:\/\/icvcm.org\/?redirect=truewp-content\/plugins\/sitepress-multilingual-cms\/res\/flags\/fr.svg\"\n            alt=\"\"\n            loading=\"lazy\"\n            width=28\n            height=20\n    \/><span class=\"wpml-ls-native\">FR<\/span><\/a>\n\t\t\t\t\t<\/li>\n\n\t\t\t\t\t\t\t<\/ul>\n\n\t\t<\/li>\n\n\t<\/ul>\n<\/div>\n\t\t\t<\/div>\n\t\t\n\t\t\t\t\t<div class=\"m-auto max-w-[54.625rem] pt-[5.5rem] pb-[5.5rem]\">\n\t\t\t\t\t\t<!-- Content -->\n\t\t\t\t<div class=\"container \">\n\t\t\t\t\t<div class=\"prose \">\n\n<h1 class=\"wp-block-heading has-large-font-size\">Nuestro trabajo con Pueblos Ind\u00edgenas y Comunidades Locales<\/h1>\n\n\n\n<h4 class=\"wp-block-heading\">Trabajar con los Pueblos Ind\u00edgenas y las comunidades locales para hacer frente a la emergencia clim\u00e1tica mundial.  <\/h4>\n\n<\/div>\n\n\t\t\t\t\t<!-- Video -->\n\t\t\t\t\t\n\t\t\t\t\t<!-- Image -->\n\t\t\t\t\t\t\t\t\t<\/div>\n\t\t\t\t\t<\/div>\n\t\t\t<\/div>\n\n\t<\/section>\n<section \n\tclass=\"inside-container-lg bg-transparent  text-blue-700 wp-elements-f8dcfa2f670be2b623cd9d5844327fad\"\n>\n\t<!-- Block Anchor -->\n\t\n\t<div class=\"container grid grid-cols-12 items-center\">\n\t\t<!-- Content -->\n\t\t<div \n\t\t\tclass=\"\n\t\t\t\torder-last col-span-12 prose mt-5 lg:mt-0\n\t\t\t\t lg:col-span-5 lg:col-start-8 lg:order-last\t\t\t\"\n\t\t>\n\t\t\t<div class=\"acf-innerblocks-container\">\n\n<h4 class=\"wp-block-heading has-blue-700-color has-text-color has-link-color has-medium-font-size wp-elements-7d27d9ead9a4d5146fb29f8719b988d1\">Tanto los Pueblos Ind\u00edgenas como las comunidades locales son socios clave en el mercado voluntario de carbono (MVC) y fundamentales en la lucha contra la crisis clim\u00e1tica.  <\/h4>\n\n\n\n<p>Gestionan y protegen el 40% del paisaje ecol\u00f3gicamente intacto del planeta. Por tanto, nuestra capacidad para limitar el calentamiento global a 1,5 \u00b0C depende de que garanticemos que tanto los Pueblos Ind\u00edgenas como las comunidades locales puedan seguir gestionando estos ecosistemas vitales. Esto significa que se les debe incluir en el dise\u00f1o, la planificaci\u00f3n y la ejecuci\u00f3n de proyectos clim\u00e1ticos que repercutan en sus vidas. Esto significa cada vez m\u00e1s ser los empresarios que aportan nuevos enfoques al mercado.     <\/p>\n\n\n\n<p>Es fundamental que colaboremos tanto con los Pueblos Ind\u00edgenas como con las comunidades locales para asegurarnos de que el MCV funciona de forma que proteja y promueva sus derechos e intereses. Esto, a su vez, acelerar\u00e1 el suministro de cr\u00e9ditos de carbono de alta calidad procedentes de proyectos que ellos generen o que les repercutan y beneficien.   <\/p>\n\n\n\n<p>Tanto los Pueblos Ind\u00edgenas como las comunidades locales desempe\u00f1an un papel importante en los \u00f3rganos decisorios clave de nuestro marco de gobernanza. Colaboramos activamente con los pueblos ind\u00edgenas y las comunidades locales durante el desarrollo de nuestro Marco de Evaluaci\u00f3n, y nos comprometemos a garantizar que sigan teniendo una voz fuerte a la hora de dar forma a nuestros criterios de PCC de alta integridad.   <\/p>\n\n\n\n<p class=\"has-text-align-center\">&#8212;&#8212;&#8212;&#8212;-<\/p>\n\n\n\n<p class=\"has-text-align-left\"><em>El Consejo de Integridad reconoce a los Pueblos Ind\u00edgenas y a las comunidades locales como pueblos diferentes y distintos con derechos e intereses discretos, tal y como se expresa en los instrumentos internacionales y nacionales, y en las leyes tradicionales.  <\/em><\/p>\n\n<\/div>\n\t\t<\/div>\n\n\t\t<!--- Figure --->\n\t\t<figure \n\t\t\tclass=\"\n\t\t\t\torder-first col-span-12 h-full flex flex-col justify-center gap-2 \n\t\t\t\t lg:col-span-6 lg:col-start-1 lg:order-first\t\t\t\"\n\t\t>\n\t\t\t<img loading=\"lazy\" decoding=\"async\" width=\"1024\" height=\"683\" src=\"https:\/\/icvcm.org\/wp-content\/uploads\/2024\/02\/pexels-vasanth-babu-797797-1-1024x683.jpg\" class=\"attachment-large size-large  w-full h-full object-cover object-center\" alt=\"Close up of a green leaf\" srcset=\"https:\/\/icvcm.org\/wp-content\/uploads\/2024\/02\/pexels-vasanth-babu-797797-1-1024x683.jpg 1024w, https:\/\/icvcm.org\/wp-content\/uploads\/2024\/02\/pexels-vasanth-babu-797797-1-300x200.jpg 300w, https:\/\/icvcm.org\/wp-content\/uploads\/2024\/02\/pexels-vasanth-babu-797797-1-768x512.jpg 768w, https:\/\/icvcm.org\/wp-content\/uploads\/2024\/02\/pexels-vasanth-babu-797797-1-1536x1024.jpg 1536w, https:\/\/icvcm.org\/wp-content\/uploads\/2024\/02\/pexels-vasanth-babu-797797-1-2048x1365.jpg 2048w\" sizes=\"auto, (max-width: 1024px) 100vw, 1024px\" \/>\t\t<\/figure>\n\t<\/div>\n<\/section>\n<section id=\"container_block_009292e8f23117405cadc078881cb9c1\" class=\"relative inside-container-lg \">\n\t\t\n\t\t<div class=\"relative container\">\n\t\t<div class=\"prose \">\n\n<figure class=\"wp-block-embed is-type-video is-provider-vimeo wp-block-embed-vimeo wp-embed-aspect-16-9 wp-has-aspect-ratio\"><div class=\"wp-block-embed__wrapper\">\n<iframe loading=\"lazy\" title=\"Indigenous Peoples and local communities - Carbon Finance Benefits\" src=\"https:\/\/player.vimeo.com\/video\/928375587?h=371d057ff6&amp;dnt=1&amp;app_id=122963\" width=\"500\" height=\"281\" frameborder=\"0\" allow=\"autoplay; fullscreen; picture-in-picture; clipboard-write\"><\/iframe>\n<\/div><\/figure>\n\n<\/div>\n\t<\/div>\n<\/section><section id=\"prose-container_block_78b60c4e4298657e1d4d77af36b03b6d\" class=\"inside-container-lg bg-gray-50 text-blue-700 relative overflow-hidden wp-elements-dca66a735c4b30f10face9c4746fe79e\">\n\t<div class=\"relative container\">\n\t\t\t\t<div class=\"prose m-auto w-full max-w-[50rem] z-10 relative \t\t\t\t\t\t\t\t\t\">\n\n<h2 class=\"wp-block-heading has-large-font-size\"><strong>Junta de Gobierno<\/strong><\/h2>\n\n\n\n<p>Desde la creaci\u00f3n del Consejo de Integridad, se han reservado tres puestos espec\u00edficos en su Junta para los Pueblos Ind\u00edgenas, as\u00ed como para las voces de las comunidades locales.  <\/p>\n\n\n\n<p>Estos esca\u00f1os est\u00e1n ocupados actualmente por  <\/p>\n\n\n\n<p>&#8211; Jennifer Corpuz, Responsable de Pol\u00edtica Global y Defensa de Nia Tero;  <\/p>\n\n\n\n<p>&#8211; Dr. Francisco Souza, Miembro del Consejo de ICVCM; y Vicepresidente Senior del Centro Global de Pueblos Ind\u00edgenas y Comunidades Locales, Conservaci\u00f3n Internacional  <\/p>\n\n\n\n<p>A diferencia de los representantes de la industria en nuestro Consejo de Administraci\u00f3n, los Pueblos Ind\u00edgenas, as\u00ed como los miembros de las comunidades locales en nuestro Consejo de Administraci\u00f3n, son miembros con plena participaci\u00f3n y voto que se comprometen proactivamente a dar forma y aprobar las decisiones y los resultados.  <\/p>\n\n<\/div>\n\t<\/div>\n<\/section>\n<section \n\tclass=\"inside-container-lg bg-blue-700  text-white wp-elements-8c0c439cae076d3c56289b813af154e4\"\n>\n\t<!-- Block Anchor -->\n\t\n\t<div class=\"container grid grid-cols-12 items-center\">\n\t\t<!-- Content -->\n\t\t<div \n\t\t\tclass=\"\n\t\t\t\torder-last col-span-12 prose mt-5 lg:mt-0\n\t\t\t\t lg:col-span-5 lg:col-start-1 lg:order-first\t\t\t\"\n\t\t>\n\t\t\t<div class=\"acf-innerblocks-container\">\n\n<h2 class=\"wp-block-heading has-large-font-size\"><strong>Panel de expertos<\/strong><\/h2>\n\n\n\n<p>El Panel de Expertos (PE), \u00f3rgano consultivo que tambi\u00e9n cuenta con el apoyo de un cuerpo de Expertos en la Materia, tambi\u00e9n se beneficia de miembros independientes con una importante experiencia de trabajo tanto con los Pueblos Ind\u00edgenas como con las comunidades locales, entre los que se incluyen:  <\/p>\n\n\n\n<p>&#8211; Daniel Ortega-Pacheco, Copresidente del PE y Director de BIOCARBON  <\/p>\n\n\n\n<p>&#8211; Felipe de Le\u00f3n, Asesor independiente y consultor internacional sobre cambio clim\u00e1tico.  <\/p>\n\n\n\n<p>&#8211; Sue Phillips, Directora Gerente de Gender Tech Enterprises.  <\/p>\n\n<\/div>\n\t\t<\/div>\n\n\t\t<!--- Figure --->\n\t\t<figure \n\t\t\tclass=\"\n\t\t\t\torder-first col-span-12 h-full flex flex-col justify-center gap-2 \n\t\t\t\t lg:col-span-6 lg:col-start-7 lg:order-last\t\t\t\"\n\t\t>\n\t\t\t<img loading=\"lazy\" decoding=\"async\" width=\"1024\" height=\"574\" src=\"https:\/\/icvcm.org\/wp-content\/uploads\/2024\/02\/pexels-photo-975771-1024x574.jpeg\" class=\"attachment-large size-large  w-full h-auto object-contain\" alt=\"\" srcset=\"https:\/\/icvcm.org\/wp-content\/uploads\/2024\/02\/pexels-photo-975771-1024x574.jpeg 1024w, https:\/\/icvcm.org\/wp-content\/uploads\/2024\/02\/pexels-photo-975771-300x168.jpeg 300w, https:\/\/icvcm.org\/wp-content\/uploads\/2024\/02\/pexels-photo-975771-768x430.jpeg 768w, https:\/\/icvcm.org\/wp-content\/uploads\/2024\/02\/pexels-photo-975771-1536x861.jpeg 1536w, https:\/\/icvcm.org\/wp-content\/uploads\/2024\/02\/pexels-photo-975771-2048x1147.jpeg 2048w\" sizes=\"auto, (max-width: 1024px) 100vw, 1024px\" \/>\t\t<\/figure>\n\t<\/div>\n<\/section><section id=\"prose-container_block_7e6549742d4af07ea0e10e47cd4d15a0\" class=\"inside-container-xl bg-white text-black relative overflow-hidden wp-elements-3902bf260b3329ea2824a896918b5499\">\n\t<div class=\"relative container\">\n\t\t\t\t<div class=\"prose m-auto w-full max-w-[50rem] z-10 relative \t\t\t\t\t\t\t\t\t\">\n\n<h2 class=\"wp-block-heading has-blue-700-color has-text-color has-link-color has-large-font-size wp-elements-be887caf89cc159e172c7dde9e6e237a\">El Foro de Participaci\u00f3n de los Pueblos Ind\u00edgenas y las comunidades locales<strong> <\/strong><\/h2>\n\n\n\n<p>El Consejo de Integridad acoge un Foro de Compromiso de reciente creaci\u00f3n que pretende reforzar y coordinar el compromiso cr\u00edtico de los Pueblos Ind\u00edgenas y las comunidades locales con los mercados de carbono.<\/p>\n\n<\/div>\n\t<\/div>\n<\/section>\n<section id=\"cta_block_071f40b18e0045b5f3323ebfd3b104ad\" class=\"relative inside-container-lg text-white wp-elements-496dc0d0fab5ea3cea2f268ff3dac2ff bg-blue-700 \">\n\t\t\t<div class=\"absolute inset-0\">\n\t\t\t<img loading=\"lazy\" decoding=\"async\" width=\"2560\" height=\"1920\" src=\"https:\/\/icvcm.org\/wp-content\/uploads\/2024\/02\/pexels-sohail-nachiti-807598-scaled.jpg\" class=\"attachment-full size-full w-full h-full object-cover\" alt=\"\" preload=\"1\" srcset=\"https:\/\/icvcm.org\/wp-content\/uploads\/2024\/02\/pexels-sohail-nachiti-807598-scaled.jpg 2560w, https:\/\/icvcm.org\/wp-content\/uploads\/2024\/02\/pexels-sohail-nachiti-807598-300x225.jpg 300w, https:\/\/icvcm.org\/wp-content\/uploads\/2024\/02\/pexels-sohail-nachiti-807598-1024x768.jpg 1024w, https:\/\/icvcm.org\/wp-content\/uploads\/2024\/02\/pexels-sohail-nachiti-807598-768x576.jpg 768w, https:\/\/icvcm.org\/wp-content\/uploads\/2024\/02\/pexels-sohail-nachiti-807598-1536x1152.jpg 1536w, https:\/\/icvcm.org\/wp-content\/uploads\/2024\/02\/pexels-sohail-nachiti-807598-2048x1536.jpg 2048w\" sizes=\"auto, (max-width: 2560px) 100vw, 2560px\" \/>\t\t<\/div>\n\t\t<div class=\"absolute inset-0 opacity-60 bg-black\"><\/div>\n\t\n\t<div class=\"relative container z-10\">\n\t\t<div class=\"grid grid-cols-1 lg:grid-cols-2 gap-4 md:gap-6 font-medium items-flex-start\">\n\n<div \n\tclass=\"flex items-start\t\t\t\">\n\t\t<div class=\"column w-full prose\">\n\n<h2 class=\"wp-block-heading has-large-font-size\">Foro de Participaci\u00f3n de los Pueblos Ind\u00edgenas y las comunidades locales VCM<strong> <\/strong><\/h2>\n\n<\/div>\n<\/div>\n\n\n\n\n<div \n\tclass=\"flex items-start\t\t\t\">\n\t\t<div class=\"column w-full prose\">\n\n<div class=\"wp-block-buttons is-layout-flex wp-block-buttons-is-layout-flex\">\n<div class=\"wp-block-button is-style-button-primary\"><a class=\"wp-block-button__link wp-element-button\" href=\"https:\/\/icvcm.org\/indigenous-people-and-localcommunities-voluntary-carbon-market-engagement-forum\/\">Saber m\u00e1s<\/a><\/div>\n<\/div>\n\n<\/div>\n<\/div>\n\n\n<\/div>\n\t<\/div>\n<\/section>","protected":false},"excerpt":{"rendered":"","protected":false},"author":1,"featured_media":5184,"parent":0,"menu_order":0,"comment_status":"closed","ping_status":"closed","template":"","meta":{"_acf_changed":false,"footnotes":""},"class_list":["post-5626","page","type-page","status-publish","has-post-thumbnail","hentry"],"acf":[],"yoast_head":"<!-- This site is optimized with the Yoast SEO plugin v26.9 - https:\/\/yoast.com\/product\/yoast-seo-wordpress\/ -->\n<title>Nuestro trabajo con los Pueblos Ind\u00edgenas y las comunidades locales<\/title>\n<meta name=\"description\" content=\"Tanto los Pueblos Ind\u00edgenas como las comunidades locales son socios clave en el mercado voluntario de carbono &amp; fundamentales para responder a la crisis clim\u00e1tica.\" \/>\n<meta name=\"robots\" content=\"index, follow, max-snippet:-1, max-image-preview:large, max-video-preview:-1\" \/>\n<link rel=\"canonical\" href=\"https:\/\/icvcm.org\/es\/nuestro-trabajo-con-pueblos-indigenas-y-comunidades-locales\/\" \/>\n<meta property=\"og:locale\" content=\"es_ES\" \/>\n<meta property=\"og:type\" content=\"article\" \/>\n<meta property=\"og:title\" content=\"Nuestro trabajo con los Pueblos Ind\u00edgenas y las comunidades locales\" \/>\n<meta property=\"og:description\" content=\"Tanto los Pueblos Ind\u00edgenas como las comunidades locales son socios clave en el mercado voluntario de carbono &amp; fundamentales para responder a la crisis clim\u00e1tica.\" \/>\n<meta property=\"og:url\" content=\"https:\/\/icvcm.org\/es\/nuestro-trabajo-con-pueblos-indigenas-y-comunidades-locales\/\" \/>\n<meta property=\"og:site_name\" content=\"ICVCM\" \/>\n<meta property=\"article:modified_time\" content=\"2026-02-19T09:46:45+00:00\" \/>\n<meta property=\"og:image\" content=\"https:\/\/icvcm.org\/wp-content\/uploads\/2024\/04\/pexels-tomfisk-2739666-web-scaled.jpg\" \/>\n\t<meta property=\"og:image:width\" content=\"2560\" \/>\n\t<meta property=\"og:image:height\" content=\"1705\" \/>\n\t<meta property=\"og:image:type\" content=\"image\/jpeg\" \/>\n<meta name=\"twitter:card\" content=\"summary_large_image\" \/>\n<meta name=\"twitter:label1\" content=\"Tiempo de lectura\" \/>\n\t<meta name=\"twitter:data1\" content=\"3 minutos\" \/>\n<script type=\"application\/ld+json\" class=\"yoast-schema-graph\">{\"@context\":\"https:\/\/schema.org\",\"@graph\":[{\"@type\":\"WebPage\",\"@id\":\"https:\/\/icvcm.org\/es\/nuestro-trabajo-con-pueblos-indigenas-y-comunidades-locales\/\",\"url\":\"https:\/\/icvcm.org\/es\/nuestro-trabajo-con-pueblos-indigenas-y-comunidades-locales\/\",\"name\":\"Nuestro trabajo con los Pueblos Ind\u00edgenas y las comunidades locales\",\"isPartOf\":{\"@id\":\"https:\/\/icvcm.org\/es\/#website\"},\"primaryImageOfPage\":{\"@id\":\"https:\/\/icvcm.org\/es\/nuestro-trabajo-con-pueblos-indigenas-y-comunidades-locales\/#primaryimage\"},\"image\":{\"@id\":\"https:\/\/icvcm.org\/es\/nuestro-trabajo-con-pueblos-indigenas-y-comunidades-locales\/#primaryimage\"},\"thumbnailUrl\":\"https:\/\/icvcm.org\/wp-content\/uploads\/2024\/04\/pexels-tomfisk-2739666-web-scaled.jpg\",\"datePublished\":\"2024-01-29T11:22:44+00:00\",\"dateModified\":\"2026-02-19T09:46:45+00:00\",\"description\":\"Tanto los Pueblos Ind\u00edgenas como las comunidades locales son socios clave en el mercado voluntario de carbono & fundamentales para responder a la crisis clim\u00e1tica.\",\"breadcrumb\":{\"@id\":\"https:\/\/icvcm.org\/es\/nuestro-trabajo-con-pueblos-indigenas-y-comunidades-locales\/#breadcrumb\"},\"inLanguage\":\"es\",\"potentialAction\":[{\"@type\":\"ReadAction\",\"target\":[\"https:\/\/icvcm.org\/es\/nuestro-trabajo-con-pueblos-indigenas-y-comunidades-locales\/\"]}]},{\"@type\":\"ImageObject\",\"inLanguage\":\"es\",\"@id\":\"https:\/\/icvcm.org\/es\/nuestro-trabajo-con-pueblos-indigenas-y-comunidades-locales\/#primaryimage\",\"url\":\"https:\/\/icvcm.org\/wp-content\/uploads\/2024\/04\/pexels-tomfisk-2739666-web-scaled.jpg\",\"contentUrl\":\"https:\/\/icvcm.org\/wp-content\/uploads\/2024\/04\/pexels-tomfisk-2739666-web-scaled.jpg\",\"width\":2560,\"height\":1705,\"caption\":\"Jungle\"},{\"@type\":\"BreadcrumbList\",\"@id\":\"https:\/\/icvcm.org\/es\/nuestro-trabajo-con-pueblos-indigenas-y-comunidades-locales\/#breadcrumb\",\"itemListElement\":[{\"@type\":\"ListItem\",\"position\":1,\"name\":\"Home\",\"item\":\"https:\/\/icvcm.org\/es\/\"},{\"@type\":\"ListItem\",\"position\":2,\"name\":\"Nuestro trabajo con Pueblos Ind\u00edgenas y Comunidades Locales\"}]},{\"@type\":\"WebSite\",\"@id\":\"https:\/\/icvcm.org\/es\/#website\",\"url\":\"https:\/\/icvcm.org\/es\/\",\"name\":\"ICVCM New\",\"description\":\"Leading the way to high integrity in the Voluntary Carbon Market\",\"publisher\":{\"@id\":\"https:\/\/icvcm.org\/es\/#organization\"},\"potentialAction\":[{\"@type\":\"SearchAction\",\"target\":{\"@type\":\"EntryPoint\",\"urlTemplate\":\"https:\/\/icvcm.org\/es\/?s={search_term_string}\"},\"query-input\":{\"@type\":\"PropertyValueSpecification\",\"valueRequired\":true,\"valueName\":\"search_term_string\"}}],\"inLanguage\":\"es\"},{\"@type\":\"Organization\",\"@id\":\"https:\/\/icvcm.org\/es\/#organization\",\"name\":\"ICVCM New\",\"url\":\"https:\/\/icvcm.org\/es\/\",\"logo\":{\"@type\":\"ImageObject\",\"inLanguage\":\"es\",\"@id\":\"https:\/\/icvcm.org\/es\/#\/schema\/logo\/image\/\",\"url\":\"https:\/\/icvcm.org\/wp-content\/uploads\/2024\/01\/icvcm-logo-new.svg\",\"contentUrl\":\"https:\/\/icvcm.org\/wp-content\/uploads\/2024\/01\/icvcm-logo-new.svg\",\"width\":257,\"height\":40,\"caption\":\"ICVCM New\"},\"image\":{\"@id\":\"https:\/\/icvcm.org\/es\/#\/schema\/logo\/image\/\"}}]}<\/script>\n<!-- \/ Yoast SEO plugin. -->","yoast_head_json":{"title":"Nuestro trabajo con los Pueblos Ind\u00edgenas y las comunidades locales","description":"Tanto los Pueblos Ind\u00edgenas como las comunidades locales son socios clave en el mercado voluntario de carbono & fundamentales para responder a la crisis clim\u00e1tica.","robots":{"index":"index","follow":"follow","max-snippet":"max-snippet:-1","max-image-preview":"max-image-preview:large","max-video-preview":"max-video-preview:-1"},"canonical":"https:\/\/icvcm.org\/es\/nuestro-trabajo-con-pueblos-indigenas-y-comunidades-locales\/","og_locale":"es_ES","og_type":"article","og_title":"Nuestro trabajo con los Pueblos Ind\u00edgenas y las comunidades locales","og_description":"Tanto los Pueblos Ind\u00edgenas como las comunidades locales son socios clave en el mercado voluntario de carbono & fundamentales para responder a la crisis clim\u00e1tica.","og_url":"https:\/\/icvcm.org\/es\/nuestro-trabajo-con-pueblos-indigenas-y-comunidades-locales\/","og_site_name":"ICVCM","article_modified_time":"2026-02-19T09:46:45+00:00","og_image":[{"width":2560,"height":1705,"url":"https:\/\/icvcm.org\/wp-content\/uploads\/2024\/04\/pexels-tomfisk-2739666-web-scaled.jpg","type":"image\/jpeg"}],"twitter_card":"summary_large_image","twitter_misc":{"Tiempo de lectura":"3 minutos"},"schema":{"@context":"https:\/\/schema.org","@graph":[{"@type":"WebPage","@id":"https:\/\/icvcm.org\/es\/nuestro-trabajo-con-pueblos-indigenas-y-comunidades-locales\/","url":"https:\/\/icvcm.org\/es\/nuestro-trabajo-con-pueblos-indigenas-y-comunidades-locales\/","name":"Nuestro trabajo con los Pueblos Ind\u00edgenas y las comunidades locales","isPartOf":{"@id":"https:\/\/icvcm.org\/es\/#website"},"primaryImageOfPage":{"@id":"https:\/\/icvcm.org\/es\/nuestro-trabajo-con-pueblos-indigenas-y-comunidades-locales\/#primaryimage"},"image":{"@id":"https:\/\/icvcm.org\/es\/nuestro-trabajo-con-pueblos-indigenas-y-comunidades-locales\/#primaryimage"},"thumbnailUrl":"https:\/\/icvcm.org\/wp-content\/uploads\/2024\/04\/pexels-tomfisk-2739666-web-scaled.jpg","datePublished":"2024-01-29T11:22:44+00:00","dateModified":"2026-02-19T09:46:45+00:00","description":"Tanto los Pueblos Ind\u00edgenas como las comunidades locales son socios clave en el mercado voluntario de carbono & fundamentales para responder a la crisis clim\u00e1tica.","breadcrumb":{"@id":"https:\/\/icvcm.org\/es\/nuestro-trabajo-con-pueblos-indigenas-y-comunidades-locales\/#breadcrumb"},"inLanguage":"es","potentialAction":[{"@type":"ReadAction","target":["https:\/\/icvcm.org\/es\/nuestro-trabajo-con-pueblos-indigenas-y-comunidades-locales\/"]}]},{"@type":"ImageObject","inLanguage":"es","@id":"https:\/\/icvcm.org\/es\/nuestro-trabajo-con-pueblos-indigenas-y-comunidades-locales\/#primaryimage","url":"https:\/\/icvcm.org\/wp-content\/uploads\/2024\/04\/pexels-tomfisk-2739666-web-scaled.jpg","contentUrl":"https:\/\/icvcm.org\/wp-content\/uploads\/2024\/04\/pexels-tomfisk-2739666-web-scaled.jpg","width":2560,"height":1705,"caption":"Jungle"},{"@type":"BreadcrumbList","@id":"https:\/\/icvcm.org\/es\/nuestro-trabajo-con-pueblos-indigenas-y-comunidades-locales\/#breadcrumb","itemListElement":[{"@type":"ListItem","position":1,"name":"Home","item":"https:\/\/icvcm.org\/es\/"},{"@type":"ListItem","position":2,"name":"Nuestro trabajo con Pueblos Ind\u00edgenas y Comunidades Locales"}]},{"@type":"WebSite","@id":"https:\/\/icvcm.org\/es\/#website","url":"https:\/\/icvcm.org\/es\/","name":"ICVCM New","description":"Leading the way to high integrity in the Voluntary Carbon Market","publisher":{"@id":"https:\/\/icvcm.org\/es\/#organization"},"potentialAction":[{"@type":"SearchAction","target":{"@type":"EntryPoint","urlTemplate":"https:\/\/icvcm.org\/es\/?s={search_term_string}"},"query-input":{"@type":"PropertyValueSpecification","valueRequired":true,"valueName":"search_term_string"}}],"inLanguage":"es"},{"@type":"Organization","@id":"https:\/\/icvcm.org\/es\/#organization","name":"ICVCM New","url":"https:\/\/icvcm.org\/es\/","logo":{"@type":"ImageObject","inLanguage":"es","@id":"https:\/\/icvcm.org\/es\/#\/schema\/logo\/image\/","url":"https:\/\/icvcm.org\/wp-content\/uploads\/2024\/01\/icvcm-logo-new.svg","contentUrl":"https:\/\/icvcm.org\/wp-content\/uploads\/2024\/01\/icvcm-logo-new.svg","width":257,"height":40,"caption":"ICVCM New"},"image":{"@id":"https:\/\/icvcm.org\/es\/#\/schema\/logo\/image\/"}}]}},"publishpress_future_action":{"enabled":false,"date":"2026-04-22 03:12:39","action":"change-status","newStatus":"draft","terms":[],"taxonomy":"translation_priority","extraData":[]},"publishpress_future_workflow_manual_trigger":{"enabledWorkflows":[]},"_links":{"self":[{"href":"https:\/\/icvcm.org\/es\/wp-json\/wp\/v2\/pages\/5626","targetHints":{"allow":["GET"]}}],"collection":[{"href":"https:\/\/icvcm.org\/es\/wp-json\/wp\/v2\/pages"}],"about":[{"href":"https:\/\/icvcm.org\/es\/wp-json\/wp\/v2\/types\/page"}],"author":[{"embeddable":true,"href":"https:\/\/icvcm.org\/es\/wp-json\/wp\/v2\/users\/1"}],"replies":[{"embeddable":true,"href":"https:\/\/icvcm.org\/es\/wp-json\/wp\/v2\/comments?post=5626"}],"version-history":[{"count":3,"href":"https:\/\/icvcm.org\/es\/wp-json\/wp\/v2\/pages\/5626\/revisions"}],"predecessor-version":[{"id":16930,"href":"https:\/\/icvcm.org\/es\/wp-json\/wp\/v2\/pages\/5626\/revisions\/16930"}],"wp:featuredmedia":[{"embeddable":true,"href":"https:\/\/icvcm.org\/es\/wp-json\/wp\/v2\/media\/5184"}],"wp:attachment":[{"href":"https:\/\/icvcm.org\/es\/wp-json\/wp\/v2\/media?parent=5626"}],"curies":[{"name":"wp","href":"https:\/\/api.w.org\/{rel}","templated":true}]}}